{"id":4160,"date":"2021-03-15T13:44:59","date_gmt":"2021-03-15T10:44:59","guid":{"rendered":"http:\/\/yeni.sagerhealthtravel.com\/?page_id=4160"},"modified":"2021-03-19T11:55:26","modified_gmt":"2021-03-19T08:55:26","slug":"sager-health-travel","status":"publish","type":"page","link":"https:\/\/sagerhealthtravel.com\/tr\/index.php\/sager-health-travel\/","title":{"rendered":"SAGER HEALTH &#038; TRAVEL"},"content":{"rendered":"<p>[vc_row][vc_column][vc_column_text]<\/p>\n<h1><strong>SAGER HEALTH &amp; TRAVEL<\/strong><\/h1>\n<p>Sa\u011fl\u0131kl\u0131 ya\u015fam, hayat\u0131m\u0131z\u0131n merkezindeki en \u00f6nemli noktad\u0131r.\u00a0Her nefes ald\u0131\u011f\u0131m\u0131zda, sa\u011fl\u0131\u011f\u0131m\u0131z\u0131n b\u00fct\u00fcnsel olarak daha iyi olmas\u0131na \u00f6zen g\u00f6steriyoruz.\u00a0Sa\u011fl\u0131\u011f\u0131m\u0131z baz\u0131 ko\u015fullarda tehdit alt\u0131nda oldu\u011funda etkili ve hakkaniyetli sa\u011fl\u0131k hizmeti almak temel hakk\u0131m\u0131zd\u0131r.\u00a0K\u00fcreselle\u015fen d\u00fcnyam\u0131zda sa\u011fl\u0131k maliyetleri artmaktad\u0131r, asl\u0131nda baz\u0131 tedaviler hastan\u0131n kendi \u00fclkesine entegre edilmemi\u015ftir ve d\u00fcnyan\u0131n farkl\u0131 yerlerinde geli\u015fen sa\u011fl\u0131k hizmetleri niteliklerinin kalitesi bu e\u015fitli\u011fi etkilemektedir.\u00a0Bu hizmet gereklili\u011fi do\u011frultusunda \u00fclkeler aras\u0131 i\u015fbirli\u011finin art\u0131r\u0131lmas\u0131 ve ula\u015f\u0131m\u0131n kolayla\u015ft\u0131r\u0131lmas\u0131 sa\u011fl\u0131k turizmini de beraberinde getirmektedir.<\/p>\n<p>Sa\u011fl\u0131k turizmi, hastalar\u0131n ve ailelerinin rahat\u0131n\u0131 sa\u011flamak i\u00e7in t\u0131bbi se\u00e7enekler sunmay\u0131 ama\u00e7lamaktad\u0131r.\u00a0Geli\u015fmi\u015f \u00fclkelerdeki y\u00fcksek e\u011fitim ve refah d\u00fczeyine paralel olarak, sa\u011fl\u0131k hizmetlerinin sa\u011flanmas\u0131 da maliyetlidir.<\/p>\n<p>\u00dclkemizin geli\u015fmi\u015f \u00fclkelerde nitelikli sa\u011fl\u0131k hizmetleriyle rekabet edebilecek d\u00fczeyde sa\u011fl\u0131k hizmeti sunmas\u0131 nedeniyle son y\u0131llarda d\u00fcnyan\u0131n her yerinden tedavi ama\u00e7l\u0131 turistler \u00fclkemize gelmektedir.\u00a0Sa\u011fl\u0131k turizmi; n\u00fcfusu, sa\u011fl\u0131k sorunlar\u0131 olan ki\u015fileri ve sa\u011fl\u0131\u011f\u0131n\u0131 korumak isteyen ki\u015fileri hedef al\u0131r.<\/p>\n<p>Sa\u011fl\u0131k turizmini \u015fu \u015fekilde s\u0131n\u0131fland\u0131rabiliriz:<br \/>\n* Medikal Turizm.<br \/>\n* \u0130leri ya\u015f ve Engellilik Turizmi.<br \/>\n* Termal Turizm ve (Spa) &#8211; Wellness.<\/p>\n<p>Bursa, T\u00fcrkiye&#8217;de sa\u011fl\u0131k turizmi a\u00e7\u0131s\u0131ndan en verimli yerlerden biridir.\u00a0Bursa&#8217;n\u0131n en \u00f6nemli de\u011ferleri termal) kapl\u0131calar\u0131n (,) spa (merkezler, konforlu konaklama, temiz ortam ve her alanda profesyonel sa\u011fl\u0131k hizmetlerinin al\u0131nabilece\u011fi geli\u015fmi\u015f hastanelerin varl\u0131\u011f\u0131d\u0131r.Bursa&#8217;da<\/p>\n<p>\u015fifal\u0131 sular\u0131n cenneti olan Bursa&#8217;da, Misafirlerimiz fizik tedavi ve rehabilitasyon a\u00e7\u0131s\u0131ndan ba\u015far\u0131l\u0131 sonu\u00e7lar almakta ve ayn\u0131 zamanda spa (ruhsal sakinlikleri i\u00e7in tedaviler) ile tam bir rahatl\u0131k almaktad\u0131rlar.<\/p>\n<p>Bursa&#8217;da termal tedavilerin yan\u0131 s\u0131ra de\u011ferli bir t\u0131bbi tedavi kategorisi ile hastanelerin ihtiya\u00e7 duydu\u011fu sa\u011fl\u0131k hizmetleri kusursuz bir \u015fekilde al\u0131nabilmektedir.\u00a0Sa\u00e7 ekimi, di\u015f protezi, g\u00f6z implant\u0131, estetik operasyonlar, g\u00fczellik hizmetleri, kalp, fizik tedavi, cilt hastal\u0131klar\u0131, ortopedik t\u0131p ve di\u011fer alanlardaki hizmetleri ile misafirlerine eksiksiz bir sa\u011fl\u0131k sistemi sunmaktad\u0131r.<\/p>\n<p>Misafirlerimiz tedavileri ile me\u015fgul olurken, ayn\u0131 zamanda Bursa&#8217;n\u0131n tarihi dokusunu hissedebilecekleri turistik noktalar\u0131 gezerek dolu dolu bir tatil hissi ya\u015fayabilirler.\u00a0Do\u011fal zenginlikleri ve tarihi ba\u015fkenti ile bir d\u00fcnya miras\u0131 alan\u0131 olan Bursa, d\u00fcnyan\u0131n her yerinden misafirlerini a\u011f\u0131rlamaya devam ediyor.<\/p>\n<p>Sager, en iyi deneyimin m\u00fcmk\u00fcn olan en d\u00fc\u015f\u00fck maliyetlerle ba\u011flant\u0131l\u0131 oldu\u011fu d\u00fcnyan\u0131n her yerindeki hastalarla ilgilenen bir \u015firkettir.\u00a0Uluslararas\u0131 bir sa\u011fl\u0131k turizmi \u015firketi olarak, T\u00fcrkiye&#8217;de en iyi tedaviyi sa\u011flama taahh\u00fcd\u00fc ve profesyonellik, g\u00fc\u00e7 ve deneyim modeli sunmaktad\u0131r.<\/p>\n<p>Sager yap\u0131s\u0131nda \u00f6zenle se\u00e7ilmi\u015f hastaneler bulunmaktad\u0131r.\u00a0Bu hastaneler a\u011f\u0131, Sager Health personelinin onlarca y\u0131ll\u0131k deneyimi ve hastalar\u0131n d\u00fc\u015f\u00fcncelerini okuma becerileriyle se\u00e7ilmi\u015ftir.<\/p>\n<p>Sager, t\u00fcm hastal\u0131k d\u00f6nemi boyunca okuyarak hastaneyi ve uygun doktorlar\u0131 se\u00e7ebilir, burada hasta ile doktor aras\u0131ndaki ilk bulu\u015fma hastal\u0131\u011f\u0131 i\u00e7in se\u00e7ilir.\u00a0Hastanenin kendisinden daha d\u00fc\u015f\u00fck fiyatlar sundu\u011fu T\u00fcrkiye&#8217;de, garanti etti\u011fi hizmetlerin ayn\u0131s\u0131n\u0131 temin ederek minimum tedavi ve operasyon maliyetlerini sa\u011flamaktad\u0131r.<\/p>\n<p>Hastan\u0131n yabanc\u0131 bir \u00fclkede sa\u011fl\u0131k hizmeti almada kar\u015f\u0131la\u015ft\u0131\u011f\u0131 zorluklar\u0131n fark\u0131nday\u0131z ve k\u00fclt\u00fcr\u00fcnden farkl\u0131 bir k\u00fclt\u00fcre sahibiz.\u00a0Bu nedenle hastalar\u0131m\u0131za kendilerini kendi \u00fclkelerinde gibi hissetmeleri i\u00e7in tedavinin her a\u015famas\u0131nda e\u015flik etmekteyiz.\u00a0SAGER firmas\u0131 ile sa\u011fl\u0131k turizmini rahat ve g\u00fcvenli bir \u015fekilde garanti ediyoruz.[\/vc_column_text][vc_single_image image=&#8221;3837&#8243;][vc_column_text]<\/p>\n<h2>OUR OFFICES AND OUR REPRESENTATIVES<\/h2>\n<p class=\"aciklama\">Sager in the field of international health tourism is working through the offices or representatives in:<\/p>\n<p>&#8211; Bursa (main center)<br \/>\n&#8211; Istanbul<br \/>\n&#8211; Trabzon<br \/>\n&#8211; Kingdom of Saudi Arabia<br \/>\n&#8211; Kuwait[\/vc_column_text][vc_separator color=&#8221;peacoc&#8221;][vc_column_text]<\/p>\n<h2>HASTALARIMIZ \u0130\u00c7\u0130N H\u0130ZMETLER\u0130M\u0130Z<\/h2>\n<p>&nbsp;<\/p>\n<p>Hastalar Sager \u015eirketine nas\u0131l gelebilir?<\/p>\n<p>Hastalar Sager \u015firketine \u015fu yollarla ula\u015fabilirler:<\/p>\n<ul>\n<li>\u0130nternet<\/li>\n<li>Sager \u015firketindeki hastalar konusunda uzmanla\u015fm\u0131\u015f personelin telefon numaralar\u0131 veya e-postalar\u0131.<\/li>\n<li>\u00dclkelerinde bulunan Sager ofisleri veya temsilcileri arac\u0131l\u0131\u011f\u0131yla.<\/li>\n<\/ul>\n<p><strong>Tedavi planlama d\u00f6nemi<\/strong><\/p>\n<p>Hastalar\u0131m\u0131z s\u00fcre\u00e7 planlama d\u00f6neminde gelmek isterlerse memnuniyetle tedavi s\u00fcrecini planlama s\u00fcrecini bizimle payla\u015f\u0131rlar. Ancak hastalar\u0131m\u0131z bize testlerin t\u00fcm bilgilerini ve sonu\u00e7lar\u0131n\u0131 g\u00f6nderdi\u011finde, uzman ile bir plan haz\u0131rlay\u0131p bu plan\u0131 onlarla payla\u015faca\u011f\u0131z.<\/p>\n<p>Hastaya kaliteli tedavi uygulayacak uzman\u0131n planlamas\u0131 kons\u00fcltasyonumuzla yap\u0131l\u0131r. Birden fazla tedavi y\u00f6ntemi varsa hastaya s\u00f6yler ve uygun karar\u0131 vermek i\u00e7in onun g\u00f6r\u00fc\u015f\u00fcn\u00fc al\u0131r\u0131z.<\/p>\n<p>Sager \u015firketi arac\u0131l\u0131\u011f\u0131yla hastalar, en iyi doktorlara maksimum h\u0131zda ula\u015fabilir. Hastan\u0131n durumunu 24 saat i\u00e7inde de\u011ferlendiriyor ve ona uygun karar\u0131 veriyoruz.<\/p>\n<p>Hastalar gerekli bilgilere ula\u015farak t\u00fcm tedavi merkezleri ile kar\u015f\u0131la\u015ft\u0131rma yapabilirler. Durumunu tedavi etmek i\u00e7in kullan\u0131lan t\u00fcm teknikleri kar\u015f\u0131la\u015ft\u0131rabilir. Ayr\u0131ca ula\u015ft\u0131\u011f\u0131 t\u00fcm fiyatlar\u0131 kar\u015f\u0131la\u015ft\u0131rabilir ve kendisi i\u00e7in do\u011fru b\u00fct\u00e7eyi se\u00e7ebilir.<\/p>\n<p>&nbsp;<\/p>\n<p><strong>T\u00fcrkiye&#8217;ye var\u0131\u015f<\/strong><\/p>\n<p>U\u00e7ak bileti, Sager \u015firketi taraf\u0131ndan veya hastan\u0131n iste\u011fi do\u011frultusunda rezerve edilir. U\u00e7akla seyahat, hastan\u0131n sa\u011fl\u0131k durumuna uygun de\u011filse u\u00e7ak yard\u0131m\u0131 ile Sager firmas\u0131 taraf\u0131ndan hasta al\u0131n\u0131r.<\/p>\n<p>Hasta tedaviden \u00f6nce veya sonra otelde kalmak istiyorsa, Sager \u015firketi taraf\u0131ndan hastan\u0131n iste\u011fi do\u011frultusunda rezervasyon. Sager \u015firketinin T\u00fcrkiye&#8217;nin her yerindeki hastanelere yak\u0131n otellerle s\u00f6zle\u015fmeleri var. Hastan\u0131n b\u00fct\u00e7esine ba\u011fl\u0131 olarak kalmak istedi\u011fi otelleri alternatif \u00e7\u00f6z\u00fcmler aras\u0131nda koordine edebiliriz.<\/p>\n<p>Hasta T\u00fcrkiye&#8217;ye geldi\u011finde Sager firma temsilcileri taraf\u0131ndan kar\u015f\u0131lan\u0131r ve otel veya hastaneye g\u00f6t\u00fcr\u00fcl\u00fcr.<\/p>\n<p>&nbsp;<\/p>\n<p><strong>Tedavi s\u00fcresi<\/strong><\/p>\n<ul>\n<li>Tedaviler hastanedeki en iyi doktorlar taraf\u0131ndan yap\u0131l\u0131r. Tedavi g\u00fcn\u00fc hasta Sager firmas\u0131 taraf\u0131ndan otel veya havaliman\u0131ndan transfer edilir.<\/li>\n<li>Hastalar herhangi bir ileti\u015fim problemi ya\u015famayacak \u00e7\u00fcnk\u00fc Sager \u015firket asistanlar\u0131 yanlar\u0131nda olacak ve dillerini konu\u015facaklar.<\/li>\n<li>Sager firmas\u0131 7\/24 hastalar\u0131n yan\u0131nda.<\/li>\n<li>Tedavinin t\u00fcm a\u015famalar\u0131 uzman doktorlar taraf\u0131ndan takip edilmektedir.<\/li>\n<\/ul>\n<p><strong>T\u00fcrkiye&#8217;den Ayr\u0131l\u0131\u015f<\/strong><\/p>\n<ul>\n<li>Sager \u015firketi, hastay\u0131 hastaneden \u00e7\u0131karmak i\u00e7in gerekli t\u00fcm prosed\u00fcrleri organize eder.<\/li>\n<li>Hastaneden ayr\u0131lmadan \u00f6nce hastay\u0131 inceleme tarihlerini veya ameliyat sonras\u0131 nas\u0131l bak\u0131m yapaca\u011f\u0131n\u0131 bildiriyoruz.<\/li>\n<li>Hastay\u0131 havaliman\u0131na transfer ediyoruz.<\/li>\n<li>Hasta turizm gezileri yapmak isterse gezileri Sager firmas\u0131 organize eder.<\/li>\n<li>Tedaviden sonra Hasta, tedaviden sonra g\u00f6zlem i\u00e7in eve d\u00f6nd\u00fckten sonra Sager \u015firketi ile ileti\u015fim kurabilir.<\/li>\n<li>Hastane, tedavi ve alternatif fiyatlar gibi alternatifler araman\u0131za gerek yok. Sager firmas\u0131nday\u0131z, alternatifler hakk\u0131nda t\u00fcm ara\u015ft\u0131rma ve sorular\u0131 sizin i\u00e7in yapt\u0131k. Sager \u015firket ekibi ve uzman doktorlar, hastan\u0131n durumunu t\u00fcm a\u015famalar\u0131nda izler ve hasta ve yak\u0131nlar\u0131n\u0131 bu konuda bilgilendirir.<\/li>\n<\/ul>\n<p>[\/vc_column_text][\/vc_column][\/vc_row]<\/p>\n","protected":false},"excerpt":{"rendered":"<p>[vc_row][vc_column][vc_column_text] SAGER HEALTH &amp; TRAVEL Sa\u011fl\u0131kl\u0131 ya\u015fam, hayat\u0131m\u0131z\u0131n merkezindeki en \u00f6nemli noktad\u0131r.\u00a0Her nefes ald\u0131\u011f\u0131m\u0131zda, sa\u011fl\u0131\u011f\u0131m\u0131z\u0131n b\u00fct\u00fcnsel olarak daha iyi olmas\u0131na \u00f6zen g\u00f6steriyoruz.\u00a0Sa\u011fl\u0131\u011f\u0131m\u0131z baz\u0131 ko\u015fullarda tehdit alt\u0131nda oldu\u011funda etkili ve hakkaniyetli sa\u011fl\u0131k hizmeti almak temel hakk\u0131m\u0131zd\u0131r.\u00a0K\u00fcreselle\u015fen d\u00fcnyam\u0131zda sa\u011fl\u0131k maliyetleri artmaktad\u0131r, asl\u0131nda baz\u0131 tedaviler hastan\u0131n kendi \u00fclkesine entegre edilmemi\u015ftir ve d\u00fcnyan\u0131n farkl\u0131 yerlerinde geli\u015fen sa\u011fl\u0131k hizmetleri niteliklerinin<br class=\"read-more-spacer\"> <a class=\"more-link\" href=\"https:\/\/sagerhealthtravel.com\/tr\/index.php\/sager-health-travel\/\">Read More<\/a><\/p>\n","protected":false},"author":1,"featured_media":0,"parent":0,"menu_order":0,"comment_status":"closed","ping_status":"closed","template":"","meta":{"footnotes":""},"class_list":["post-4160","page","type-page","status-publish","hentry"],"_links":{"self":[{"href":"https:\/\/sagerhealthtravel.com\/tr\/index.php\/wp-json\/wp\/v2\/pages\/4160","targetHints":{"allow":["GET"]}}],"collection":[{"href":"https:\/\/sagerhealthtravel.com\/tr\/index.php\/wp-json\/wp\/v2\/pages"}],"about":[{"href":"https:\/\/sagerhealthtravel.com\/tr\/index.php\/wp-json\/wp\/v2\/types\/page"}],"author":[{"embeddable":true,"href":"https:\/\/sagerhealthtravel.com\/tr\/index.php\/wp-json\/wp\/v2\/users\/1"}],"replies":[{"embeddable":true,"href":"https:\/\/sagerhealthtravel.com\/tr\/index.php\/wp-json\/wp\/v2\/comments?post=4160"}],"version-history":[{"count":4,"href":"https:\/\/sagerhealthtravel.com\/tr\/index.php\/wp-json\/wp\/v2\/pages\/4160\/revisions"}],"predecessor-version":[{"id":4303,"href":"https:\/\/sagerhealthtravel.com\/tr\/index.php\/wp-json\/wp\/v2\/pages\/4160\/revisions\/4303"}],"wp:attachment":[{"href":"https:\/\/sagerhealthtravel.com\/tr\/index.php\/wp-json\/wp\/v2\/media?parent=4160"}],"curies":[{"name":"wp","href":"https:\/\/api.w.org\/{rel}","templated":true}]}}