{"id":4091,"date":"2021-03-08T13:25:48","date_gmt":"2021-03-08T10:25:48","guid":{"rendered":"http:\/\/yeni.sagerhealthtravel.com\/?page_id=4091"},"modified":"2021-03-19T10:44:22","modified_gmt":"2021-03-19T07:44:22","slug":"physiotherapy","status":"publish","type":"page","link":"https:\/\/sagerhealthtravel.com\/tr\/index.php\/physiotherapy\/","title":{"rendered":"F\u0130ZYOTERAP\u0130"},"content":{"rendered":"<p>[vc_row][vc_column][vc_column_text]<\/p>\n<h3>F\u0130ZYOTERAP\u0130<\/h3>\n<p>Genetik, \u00e7evresel veya ya\u015fam\u0131n bir b\u00f6l\u00fcm\u00fcnde \u00e7al\u0131\u015fma \u015fartlar\u0131na ba\u011fl\u0131 olarak geli\u015fen, ya\u015fam kalitesini \u00f6nemli \u00f6l\u00e7\u00fcde etkileyen, ya da ki\u015fiyi sosyal ya\u015famdan kopar\u0131c\u0131 nitelikte fiziksel rahats\u0131zl\u0131klar\u0131n\u0131z i\u00e7in Sager Health Travel her zaman yan\u0131n\u0131zda. T\u00fcrkiye\u2019nin her noktas\u0131nda rahats\u0131zl\u0131\u011f\u0131n\u0131za \u00e7\u00f6z\u00fcm bulma hedefi ile, ileri teknoloji ekipman ve uzman hekimlerden olu\u015fan hastanelerde sizin i\u00e7in en uygun tedavi program\u0131na imkan sa\u011fl\u0131yoruz.<\/p>\n<p>Sager Health Travel,\u00a0 yurt i\u00e7i ve yurt d\u0131\u015f\u0131ndan bir\u00e7ok hastaya ev sahipli\u011fi yaparak, g\u00fcler y\u00fczl\u00fc ve hasta memnuniyetini \u00f6nemseyen sa\u011fl\u0131k personellerine sizleri emanet, ederek refakat\u00e7ilerinizle birlikte konforlu konaklaman\u0131z\u0131 temin eder.<strong> \u00a0\u00a0\u00a0\u00a0\u00a0\u00a0\u00a0\u00a0\u00a0\u00a0\u00a0\u00a0\u00a0\u00a0\u00a0\u00a0\u00a0\u00a0\u00a0\u00a0\u00a0\u00a0\u00a0\u00a0\u00a0\u00a0\u00a0\u00a0\u00a0\u00a0\u00a0\u00a0\u00a0\u00a0\u00a0\u00a0\u00a0\u00a0\u00a0\u00a0\u00a0\u00a0\u00a0\u00a0\u00a0\u00a0\u00a0\u00a0\u00a0\u00a0\u00a0\u00a0\u00a0\u00a0\u00a0\u00a0\u00a0\u00a0\u00a0\u00a0\u00a0\u00a0\u00a0\u00a0\u00a0\u00a0\u00a0\u00a0\u00a0\u00a0\u00a0\u00a0\u00a0\u00a0\u00a0\u00a0\u00a0\u00a0 <\/strong><\/p>\n<p>Anla\u015fmal\u0131 oldu\u011fumuz modern sa\u011fl\u0131k kurulu\u015flar\u0131nda fizik tedavi hizmetlerimiz;<strong> \u00a0\u00a0\u00a0\u00a0\u00a0\u00a0\u00a0\u00a0\u00a0\u00a0\u00a0\u00a0\u00a0\u00a0\u00a0\u00a0\u00a0\u00a0\u00a0\u00a0\u00a0\u00a0\u00a0\u00a0\u00a0\u00a0\u00a0\u00a0\u00a0\u00a0\u00a0\u00a0\u00a0\u00a0\u00a0\u00a0\u00a0\u00a0\u00a0\u00a0\u00a0\u00a0\u00a0\u00a0\u00a0\u00a0\u00a0\u00a0 <\/strong><\/p>\n<ul>\n<li>Geleneksel Termal T\u0131bbi Teknikleri ve Spa<\/li>\n<li>Fizik Tedavi 3-Aqua Terapi \/ Hidroterapi<\/li>\n<li>Pediatrik Rehabiliyaston<\/li>\n<li>Ortopedik Rehabilitasyon<\/li>\n<li>N\u00f6rolojik Rehabilitasyon<\/li>\n<li>Kardiopulmoner Rehabilitasyon<\/li>\n<li>Robotik Rehabilitasyon<\/li>\n<li>Lenf\u00f6dem Rehabilitasyon<strong> \u00a0\u00a0\u00a0\u00a0\u00a0\u00a0\u00a0\u00a0\u00a0\u00a0\u00a0\u00a0\u00a0\u00a0\u00a0\u00a0\u00a0\u00a0\u00a0\u00a0\u00a0\u00a0\u00a0\u00a0\u00a0\u00a0\u00a0\u00a0 <\/strong><\/li>\n<li>Ergoterapi Uygulamalar\u0131<\/li>\n<li>Pelvik Taban Rehabiltasyonu<\/li>\n<li>A\u011fr\u0131 Tedavisi<\/li>\n<li>Uzay Terapisi<strong> \u00a0\u00a0\u00a0\u00a0\u00a0\u00a0\u00a0\u00a0\u00a0\u00a0\u00a0\u00a0\u00a0\u00a0\u00a0\u00a0\u00a0\u00a0\u00a0 <\/strong><\/li>\n<li>Osteopati<\/li>\n<li>Kinesiotape<\/li>\n<li>FTR\u2019de ESWT Kullan\u0131m\u0131<\/li>\n<\/ul>\n<p>[\/vc_column_text][vc_single_image image=&#8221;4220&#8243;][\/vc_column][\/vc_row]<\/p>\n","protected":false},"excerpt":{"rendered":"<p>[vc_row][vc_column][vc_column_text] F\u0130ZYOTERAP\u0130 Genetik, \u00e7evresel veya ya\u015fam\u0131n bir b\u00f6l\u00fcm\u00fcnde \u00e7al\u0131\u015fma \u015fartlar\u0131na ba\u011fl\u0131 olarak geli\u015fen, ya\u015fam kalitesini \u00f6nemli \u00f6l\u00e7\u00fcde etkileyen, ya da ki\u015fiyi sosyal ya\u015famdan kopar\u0131c\u0131 nitelikte fiziksel rahats\u0131zl\u0131klar\u0131n\u0131z i\u00e7in Sager Health Travel her zaman yan\u0131n\u0131zda. T\u00fcrkiye\u2019nin her noktas\u0131nda rahats\u0131zl\u0131\u011f\u0131n\u0131za \u00e7\u00f6z\u00fcm bulma hedefi ile, ileri teknoloji ekipman ve uzman hekimlerden olu\u015fan hastanelerde sizin i\u00e7in en uygun tedavi<br class=\"read-more-spacer\"> <a class=\"more-link\" href=\"https:\/\/sagerhealthtravel.com\/tr\/index.php\/physiotherapy\/\">Read More<\/a><\/p>\n","protected":false},"author":1,"featured_media":0,"parent":0,"menu_order":0,"comment_status":"closed","ping_status":"closed","template":"","meta":{"footnotes":""},"class_list":["post-4091","page","type-page","status-publish","hentry"],"_links":{"self":[{"href":"https:\/\/sagerhealthtravel.com\/tr\/index.php\/wp-json\/wp\/v2\/pages\/4091","targetHints":{"allow":["GET"]}}],"collection":[{"href":"https:\/\/sagerhealthtravel.com\/tr\/index.php\/wp-json\/wp\/v2\/pages"}],"about":[{"href":"https:\/\/sagerhealthtravel.com\/tr\/index.php\/wp-json\/wp\/v2\/types\/page"}],"author":[{"embeddable":true,"href":"https:\/\/sagerhealthtravel.com\/tr\/index.php\/wp-json\/wp\/v2\/users\/1"}],"replies":[{"embeddable":true,"href":"https:\/\/sagerhealthtravel.com\/tr\/index.php\/wp-json\/wp\/v2\/comments?post=4091"}],"version-history":[{"count":5,"href":"https:\/\/sagerhealthtravel.com\/tr\/index.php\/wp-json\/wp\/v2\/pages\/4091\/revisions"}],"predecessor-version":[{"id":4278,"href":"https:\/\/sagerhealthtravel.com\/tr\/index.php\/wp-json\/wp\/v2\/pages\/4091\/revisions\/4278"}],"wp:attachment":[{"href":"https:\/\/sagerhealthtravel.com\/tr\/index.php\/wp-json\/wp\/v2\/media?parent=4091"}],"curies":[{"name":"wp","href":"https:\/\/api.w.org\/{rel}","templated":true}]}}