{"id":4089,"date":"2021-03-08T13:25:14","date_gmt":"2021-03-08T10:25:14","guid":{"rendered":"http:\/\/yeni.sagerhealthtravel.com\/?page_id=4089"},"modified":"2021-03-19T11:02:39","modified_gmt":"2021-03-19T08:02:39","slug":"neurology","status":"publish","type":"page","link":"https:\/\/sagerhealthtravel.com\/tr\/index.php\/neurology\/","title":{"rendered":"N\u00d6ROLOJ\u0130"},"content":{"rendered":"<p>[vc_row][vc_column][vc_column_text]<\/p>\n<h3>N\u00d6ROLOJ\u0130<\/h3>\n<p>N\u00f6roloji beyin, beyin sap\u0131, omurilik, sinir sistemi ve kaslar\u0131n i\u015fleyi\u015fi ile ilgili sorunlarla ilgilenen bilim dal\u0131d\u0131r. Sinir sistemi; beyin, spinal kord (omurilik) ve periferik sinir sisteminden olu\u015fur. Bu \u00fc\u00e7 b\u00f6l\u00fcmden herhangi birinde geli\u015fen ve cerrahi m\u00fcdahale gerektirmeyen hastal\u0131klar\u0131n tedavisi n\u00f6roloji b\u00f6l\u00fcm\u00fc taraf\u0131ndan yap\u0131l\u0131r. N\u00f6roloji, eri\u015fkin ve \u00e7ocuk n\u00f6rolojisi olarak iki ayr\u0131 bran\u015fa ayr\u0131l\u0131r. N\u00f6roloji b\u00f6l\u00fcm\u00fcm\u00fczde uzmanlar\u0131m\u0131z taraf\u0131ndan poliklinik ve yatarak tedavi hizmetlerinin yan\u0131 s\u0131ra yo\u011fun bak\u0131m gerektiren hastal\u0131klar\u0131n takibinde yo\u011fun bak\u0131m hizmeti verilir.<\/p>\n<p>N\u00f6rolojik rahats\u0131zl\u0131klar\u0131n\u0131z\u0131n te\u015fhis ve tedavi s\u00fcrecinde Sager Health Travel her zaman yan\u0131n\u0131zda. T\u00fcrkiye\u2019nin her noktas\u0131nda rahats\u0131zl\u0131\u011f\u0131n\u0131za \u00e7\u00f6z\u00fcm bulma hedefi ile, ileri teknoloji ekipman ve uzman hekimlerden olu\u015fan hastanelerde sizin i\u00e7in en uygun tedavi program\u0131na imkan sa\u011fl\u0131yoruz.<\/p>\n<p>Sager Health Travel,\u00a0 yurt i\u00e7i ve yurt d\u0131\u015f\u0131ndan bir\u00e7ok hastaya ev sahipli\u011fi yaparak, g\u00fcler y\u00fczl\u00fc ve hasta memnuniyetini \u00f6nemseyen sa\u011fl\u0131k personellerine sizleri emanet, ederek refakat\u00e7ilerinizle birlikte konforlu konaklaman\u0131z\u0131 temin eder.[\/vc_column_text][vc_single_image image=&#8221;4228&#8243;][\/vc_column][\/vc_row]<\/p>\n","protected":false},"excerpt":{"rendered":"<p>[vc_row][vc_column][vc_column_text] N\u00d6ROLOJ\u0130 N\u00f6roloji beyin, beyin sap\u0131, omurilik, sinir sistemi ve kaslar\u0131n i\u015fleyi\u015fi ile ilgili sorunlarla ilgilenen bilim dal\u0131d\u0131r. Sinir sistemi; beyin, spinal kord (omurilik) ve periferik sinir sisteminden olu\u015fur. Bu \u00fc\u00e7 b\u00f6l\u00fcmden herhangi birinde geli\u015fen ve cerrahi m\u00fcdahale gerektirmeyen hastal\u0131klar\u0131n tedavisi n\u00f6roloji b\u00f6l\u00fcm\u00fc taraf\u0131ndan yap\u0131l\u0131r. N\u00f6roloji, eri\u015fkin ve \u00e7ocuk n\u00f6rolojisi olarak iki ayr\u0131 bran\u015fa ayr\u0131l\u0131r.<br class=\"read-more-spacer\"> <a class=\"more-link\" href=\"https:\/\/sagerhealthtravel.com\/tr\/index.php\/neurology\/\">Read More<\/a><\/p>\n","protected":false},"author":1,"featured_media":0,"parent":0,"menu_order":0,"comment_status":"closed","ping_status":"closed","template":"","meta":{"footnotes":""},"class_list":["post-4089","page","type-page","status-publish","hentry"],"_links":{"self":[{"href":"https:\/\/sagerhealthtravel.com\/tr\/index.php\/wp-json\/wp\/v2\/pages\/4089","targetHints":{"allow":["GET"]}}],"collection":[{"href":"https:\/\/sagerhealthtravel.com\/tr\/index.php\/wp-json\/wp\/v2\/pages"}],"about":[{"href":"https:\/\/sagerhealthtravel.com\/tr\/index.php\/wp-json\/wp\/v2\/types\/page"}],"author":[{"embeddable":true,"href":"https:\/\/sagerhealthtravel.com\/tr\/index.php\/wp-json\/wp\/v2\/users\/1"}],"replies":[{"embeddable":true,"href":"https:\/\/sagerhealthtravel.com\/tr\/index.php\/wp-json\/wp\/v2\/comments?post=4089"}],"version-history":[{"count":4,"href":"https:\/\/sagerhealthtravel.com\/tr\/index.php\/wp-json\/wp\/v2\/pages\/4089\/revisions"}],"predecessor-version":[{"id":4296,"href":"https:\/\/sagerhealthtravel.com\/tr\/index.php\/wp-json\/wp\/v2\/pages\/4089\/revisions\/4296"}],"wp:attachment":[{"href":"https:\/\/sagerhealthtravel.com\/tr\/index.php\/wp-json\/wp\/v2\/media?parent=4089"}],"curies":[{"name":"wp","href":"https:\/\/api.w.org\/{rel}","templated":true}]}}