{"id":4087,"date":"2021-03-08T13:24:28","date_gmt":"2021-03-08T10:24:28","guid":{"rendered":"http:\/\/yeni.sagerhealthtravel.com\/?page_id=4087"},"modified":"2021-03-19T10:53:27","modified_gmt":"2021-03-19T07:53:27","slug":"eye-diseases","status":"publish","type":"page","link":"https:\/\/sagerhealthtravel.com\/tr\/index.php\/eye-diseases\/","title":{"rendered":"G\u00d6Z SA\u011eLI\u011eI"},"content":{"rendered":"<p>[vc_row][vc_column][vc_column_text]<\/p>\n<h3>G\u00d6Z SA\u011eLI\u011eI<\/h3>\n<p>G\u00f6z sa\u011fl\u0131\u011f\u0131, ya\u015fam kalitesi a\u00e7\u0131s\u0131ndan olduk\u00e7a b\u00fcy\u00fck \u00f6neme sahiptir. Baz\u0131 g\u00f6z hastal\u0131klar\u0131 erken d\u00f6nemde tedavi edilmediklerinde ilerleyerek g\u00f6rme kayb\u0131na varan kal\u0131c\u0131 hasarlara neden olabilir. Bu nedenle d\u00fczenli g\u00f6z muayenesi yapt\u0131rmak ve g\u00f6zlerdeki olas\u0131 hastal\u0131klar\u0131 ilerlemeden tespit etmek b\u00fcy\u00fck \u00f6nem ta\u015f\u0131r.<\/p>\n<p>G\u00f6z Sa\u011fl\u0131\u011f\u0131 ve Hastal\u0131klar\u0131 b\u00f6l\u00fcm\u00fcnde vitreo-retinal hastal\u0131klar, katarakt-refraktif cerrahi, ok\u00fcloplastik cerrahi, glokom, sar\u0131 nokta hastal\u0131\u011f\u0131 tan\u0131 ve tedavisi, refraksiyon-k\u0131rma kusurlar\u0131, \u015fa\u015f\u0131l\u0131k, pediatrik oftalmoloji, premat\u00fcre retinopatisi, retina ve kornea hastal\u0131klar\u0131 gibi bran\u015flarda hizmet verilir. G\u00f6z rahats\u0131zl\u0131klar\u0131n\u0131z\u0131n tedavi s\u00fcrecinde Sager Health Travel her zaman yan\u0131n\u0131zda. T\u00fcrkiye\u2019nin her noktas\u0131nda rahats\u0131zl\u0131\u011f\u0131n\u0131za \u00e7\u00f6z\u00fcm bulma hedefi ile, ileri teknoloji ekipman ve uzman hekimlerden olu\u015fan hastanelerde sizin i\u00e7in en uygun tedavi program\u0131na imkan sa\u011fl\u0131yoruz.<\/p>\n<p>Sager Health Travel,\u00a0 yurt i\u00e7i ve yurt d\u0131\u015f\u0131ndan bir\u00e7ok hastaya ev sahipli\u011fi yaparak, g\u00fcler y\u00fczl\u00fc ve hasta memnuniyetini \u00f6nemseyen sa\u011fl\u0131k personellerine sizleri emanet, ederek refakat\u00e7ilerinizle birlikte konforlu konaklaman\u0131z\u0131 temin eder.[\/vc_column_text][vc_single_image image=&#8221;4222&#8243;][\/vc_column][\/vc_row]<\/p>\n","protected":false},"excerpt":{"rendered":"<p>[vc_row][vc_column][vc_column_text] G\u00d6Z SA\u011eLI\u011eI G\u00f6z sa\u011fl\u0131\u011f\u0131, ya\u015fam kalitesi a\u00e7\u0131s\u0131ndan olduk\u00e7a b\u00fcy\u00fck \u00f6neme sahiptir. Baz\u0131 g\u00f6z hastal\u0131klar\u0131 erken d\u00f6nemde tedavi edilmediklerinde ilerleyerek g\u00f6rme kayb\u0131na varan kal\u0131c\u0131 hasarlara neden olabilir. Bu nedenle d\u00fczenli g\u00f6z muayenesi yapt\u0131rmak ve g\u00f6zlerdeki olas\u0131 hastal\u0131klar\u0131 ilerlemeden tespit etmek b\u00fcy\u00fck \u00f6nem ta\u015f\u0131r. G\u00f6z Sa\u011fl\u0131\u011f\u0131 ve Hastal\u0131klar\u0131 b\u00f6l\u00fcm\u00fcnde vitreo-retinal hastal\u0131klar, katarakt-refraktif cerrahi, ok\u00fcloplastik cerrahi, glokom,<br class=\"read-more-spacer\"> <a class=\"more-link\" href=\"https:\/\/sagerhealthtravel.com\/tr\/index.php\/eye-diseases\/\">Read More<\/a><\/p>\n","protected":false},"author":1,"featured_media":0,"parent":0,"menu_order":0,"comment_status":"closed","ping_status":"closed","template":"","meta":{"footnotes":""},"class_list":["post-4087","page","type-page","status-publish","hentry"],"_links":{"self":[{"href":"https:\/\/sagerhealthtravel.com\/tr\/index.php\/wp-json\/wp\/v2\/pages\/4087","targetHints":{"allow":["GET"]}}],"collection":[{"href":"https:\/\/sagerhealthtravel.com\/tr\/index.php\/wp-json\/wp\/v2\/pages"}],"about":[{"href":"https:\/\/sagerhealthtravel.com\/tr\/index.php\/wp-json\/wp\/v2\/types\/page"}],"author":[{"embeddable":true,"href":"https:\/\/sagerhealthtravel.com\/tr\/index.php\/wp-json\/wp\/v2\/users\/1"}],"replies":[{"embeddable":true,"href":"https:\/\/sagerhealthtravel.com\/tr\/index.php\/wp-json\/wp\/v2\/comments?post=4087"}],"version-history":[{"count":4,"href":"https:\/\/sagerhealthtravel.com\/tr\/index.php\/wp-json\/wp\/v2\/pages\/4087\/revisions"}],"predecessor-version":[{"id":4286,"href":"https:\/\/sagerhealthtravel.com\/tr\/index.php\/wp-json\/wp\/v2\/pages\/4087\/revisions\/4286"}],"wp:attachment":[{"href":"https:\/\/sagerhealthtravel.com\/tr\/index.php\/wp-json\/wp\/v2\/media?parent=4087"}],"curies":[{"name":"wp","href":"https:\/\/api.w.org\/{rel}","templated":true}]}}