{"id":4085,"date":"2021-03-08T13:23:43","date_gmt":"2021-03-08T10:23:43","guid":{"rendered":"http:\/\/yeni.sagerhealthtravel.com\/?page_id=4085"},"modified":"2021-03-19T10:51:53","modified_gmt":"2021-03-19T07:51:53","slug":"general-surgery","status":"publish","type":"page","link":"https:\/\/sagerhealthtravel.com\/tr\/index.php\/general-surgery\/","title":{"rendered":"GENEL CERRAH\u0130"},"content":{"rendered":"<p>[vc_row][vc_column][vc_column_text]<\/p>\n<h3>GENEL CERRAH\u0130<\/h3>\n<p>Genel cerrahi, ila\u00e7la ya da di\u011fer t\u0131bbi y\u00f6ntemlerle tedavi edilemeyen hastal\u0131klar\u0131, ameliyat yoluyla onarmak ya da hastal\u0131kl\u0131 organ\u0131 kesip \u00e7\u0131kararak iyile\u015ftirme esas\u0131na dayanan bir disiplindir. Farkl\u0131 \u00e7al\u0131\u015fma alanlar\u0131 bulunan Genel Cerrahi b\u00f6l\u00fcm\u00fc, onkoloji, endokrinoloji, travmatoloji gibi farkl\u0131 konularda uzmanl\u0131\u011f\u0131 bulunan birimlerle i\u015f birli\u011fi i\u00e7indedir. Yeni nesil t\u0131p uygulamalar\u0131n\u0131n en s\u0131k kullan\u0131ld\u0131\u011f\u0131 alanlardan biri olan Genel Cerrahi, robotik teknolojinin de yo\u011fun bi\u00e7imde kullan\u0131ld\u0131\u011f\u0131 ve ba\u015far\u0131l\u0131 sonu\u00e7lar elde edildi\u011fi bir tedavi sistemidir.<\/p>\n<p>Sager Health Travel T\u00fcrkiye\u2019nin her noktas\u0131nda tam te\u015fekk\u00fcll\u00fc hastane, ameliyathane ve yard\u0131mc\u0131 t\u0131bbi bak\u0131m \u00fcniteleri ile ameliyat s\u00fcre\u00e7lerinin en sa\u011fl\u0131kl\u0131 bi\u00e7imde tamamlanmas\u0131n\u0131 ba\u015far\u0131yla sa\u011flamaktad\u0131r. Farkl\u0131 cerrahi konularda uzmanla\u015fm\u0131\u015f doktorlar sayesinde, Genel Cerrahi alan\u0131na giren t\u00fcm hastal\u0131klar\u0131n iyile\u015ftirilmesinde, maksimum pozitif sonu\u00e7lar hedeflenmektedir. Anla\u015fmal\u0131 hastanelerimiz Genel Cerrahi alan\u0131nda uzmanla\u015fm\u0131\u015f doktor ve t\u0131bbi personeli ile ameliyat ve ameliyat sonras\u0131 bak\u0131m s\u00fcre\u00e7lerinde y\u00fcksek kalite standartlar\u0131nda hizmet vermektedir.<\/p>\n<p>Sager Health Travel,\u00a0 yurt i\u00e7i ve yurt d\u0131\u015f\u0131ndan bir\u00e7ok hastaya ev sahipli\u011fi yaparak, g\u00fcler y\u00fczl\u00fc ve hasta memnuniyetini \u00f6nemseyen sa\u011fl\u0131k personellerine sizleri emanet, ederek refakat\u00e7ilerinizle birlikte konforlu konaklaman\u0131z\u0131 temin eder.[\/vc_column_text][vc_single_image image=&#8221;4224&#8243;][\/vc_column][\/vc_row]<\/p>\n","protected":false},"excerpt":{"rendered":"<p>[vc_row][vc_column][vc_column_text] GENEL CERRAH\u0130 Genel cerrahi, ila\u00e7la ya da di\u011fer t\u0131bbi y\u00f6ntemlerle tedavi edilemeyen hastal\u0131klar\u0131, ameliyat yoluyla onarmak ya da hastal\u0131kl\u0131 organ\u0131 kesip \u00e7\u0131kararak iyile\u015ftirme esas\u0131na dayanan bir disiplindir. Farkl\u0131 \u00e7al\u0131\u015fma alanlar\u0131 bulunan Genel Cerrahi b\u00f6l\u00fcm\u00fc, onkoloji, endokrinoloji, travmatoloji gibi farkl\u0131 konularda uzmanl\u0131\u011f\u0131 bulunan birimlerle i\u015f birli\u011fi i\u00e7indedir. Yeni nesil t\u0131p uygulamalar\u0131n\u0131n en s\u0131k kullan\u0131ld\u0131\u011f\u0131 alanlardan<br class=\"read-more-spacer\"> <a class=\"more-link\" href=\"https:\/\/sagerhealthtravel.com\/tr\/index.php\/general-surgery\/\">Read More<\/a><\/p>\n","protected":false},"author":1,"featured_media":0,"parent":0,"menu_order":0,"comment_status":"closed","ping_status":"closed","template":"","meta":{"footnotes":""},"class_list":["post-4085","page","type-page","status-publish","hentry"],"_links":{"self":[{"href":"https:\/\/sagerhealthtravel.com\/tr\/index.php\/wp-json\/wp\/v2\/pages\/4085","targetHints":{"allow":["GET"]}}],"collection":[{"href":"https:\/\/sagerhealthtravel.com\/tr\/index.php\/wp-json\/wp\/v2\/pages"}],"about":[{"href":"https:\/\/sagerhealthtravel.com\/tr\/index.php\/wp-json\/wp\/v2\/types\/page"}],"author":[{"embeddable":true,"href":"https:\/\/sagerhealthtravel.com\/tr\/index.php\/wp-json\/wp\/v2\/users\/1"}],"replies":[{"embeddable":true,"href":"https:\/\/sagerhealthtravel.com\/tr\/index.php\/wp-json\/wp\/v2\/comments?post=4085"}],"version-history":[{"count":4,"href":"https:\/\/sagerhealthtravel.com\/tr\/index.php\/wp-json\/wp\/v2\/pages\/4085\/revisions"}],"predecessor-version":[{"id":4284,"href":"https:\/\/sagerhealthtravel.com\/tr\/index.php\/wp-json\/wp\/v2\/pages\/4085\/revisions\/4284"}],"wp:attachment":[{"href":"https:\/\/sagerhealthtravel.com\/tr\/index.php\/wp-json\/wp\/v2\/media?parent=4085"}],"curies":[{"name":"wp","href":"https:\/\/api.w.org\/{rel}","templated":true}]}}