{"id":4083,"date":"2021-03-08T13:23:21","date_gmt":"2021-03-08T10:23:21","guid":{"rendered":"http:\/\/yeni.sagerhealthtravel.com\/?page_id=4083"},"modified":"2021-03-19T10:54:57","modified_gmt":"2021-03-19T07:54:57","slug":"gynecology","status":"publish","type":"page","link":"https:\/\/sagerhealthtravel.com\/tr\/index.php\/gynecology\/","title":{"rendered":"J\u0130NEKOLOJ\u0130"},"content":{"rendered":"<p>[vc_row][vc_column][vc_column_text]<\/p>\n<h3>J\u0130NEKOLOJ\u0130<\/h3>\n<p>Kad\u0131nlar\u0131m\u0131z\u0131n sa\u011fl\u0131kl\u0131 bir ya\u015fama sahip olmas\u0131, toplumun da sa\u011fl\u0131kl\u0131 bir \u015fekilde gelece\u011fe ta\u015f\u0131nmas\u0131 demektir. Kad\u0131n hastal\u0131klar\u0131nda erken te\u015fhisin ve tedavinin \u00f6nemi b\u00fcy\u00fckt\u00fcr. Pek \u00e7ok ailenin \u00e7ocuk sahibi olma iste\u011fi, fiziksel \u015fartlar gere\u011fi bazen m\u00fcmk\u00fcn olmamaktad\u0131r. Bu noktada profesyonel ekipman ve uzman doktorlar\u0131n tedavi s\u00fcrecinde etkisi \u00e7ok \u00f6nemlidir.<\/p>\n<p>Kad\u0131n Hastal\u0131klar\u0131 ve Do\u011fum b\u00f6l\u00fcm\u00fc, adet d\u00f6nemi hastal\u0131klar\u0131, cinsel fonksiyon bozukluklar\u0131, k\u0131s\u0131rl\u0131k, vajinal problemler, plasenta rahats\u0131zl\u0131klar\u0131, do\u011fum problemleri, gebelik takibi, d\u00fc\u015f\u00fck, rahim hastal\u0131klar\u0131, yumurtal\u0131k problemleri, do\u011fum kontrol y\u00f6ntemleri, d\u0131\u015f genital organlar, kist ve miyom operasyonlar\u0131, normal, sezaryen do\u011fum ve t\u00fcp bebek gibi pek \u00e7ok kad\u0131n hastal\u0131\u011f\u0131 ile gebelik s\u00fcreci i\u015flemlerinin takibi, hastal\u0131klar\u0131n te\u015fhisi ve tedavisini ger\u00e7ekle\u015ftirir.<\/p>\n<p>Hastal\u0131\u011f\u0131n\u0131z\u0131n te\u015fhis ve tedavi s\u00fcrecinde Sager Health Travel her zaman yan\u0131n\u0131zda. T\u00fcrkiye\u2019nin her noktas\u0131nda rahats\u0131zl\u0131\u011f\u0131n\u0131za \u00e7\u00f6z\u00fcm bulma hedefi ile, ileri teknoloji ekipman ve uzman hekimlerden olu\u015fan hastanelerde sizin i\u00e7in en uygun tedavi program\u0131na imkan sa\u011fl\u0131yoruz.<\/p>\n<p>Sager Health Travel,\u00a0 yurt i\u00e7i ve yurt d\u0131\u015f\u0131ndan bir\u00e7ok hastaya ev sahipli\u011fi yaparak, g\u00fcler y\u00fczl\u00fc ve hasta memnuniyetini \u00f6nemseyen sa\u011fl\u0131k personellerine sizleri emanet, ederek refakat\u00e7ilerinizle birlikte konforlu konaklaman\u0131z\u0131 temin eder.[\/vc_column_text][vc_single_image image=&#8221;4226&#8243;][\/vc_column][\/vc_row]<\/p>\n","protected":false},"excerpt":{"rendered":"<p>[vc_row][vc_column][vc_column_text] J\u0130NEKOLOJ\u0130 Kad\u0131nlar\u0131m\u0131z\u0131n sa\u011fl\u0131kl\u0131 bir ya\u015fama sahip olmas\u0131, toplumun da sa\u011fl\u0131kl\u0131 bir \u015fekilde gelece\u011fe ta\u015f\u0131nmas\u0131 demektir. Kad\u0131n hastal\u0131klar\u0131nda erken te\u015fhisin ve tedavinin \u00f6nemi b\u00fcy\u00fckt\u00fcr. Pek \u00e7ok ailenin \u00e7ocuk sahibi olma iste\u011fi, fiziksel \u015fartlar gere\u011fi bazen m\u00fcmk\u00fcn olmamaktad\u0131r. Bu noktada profesyonel ekipman ve uzman doktorlar\u0131n tedavi s\u00fcrecinde etkisi \u00e7ok \u00f6nemlidir. Kad\u0131n Hastal\u0131klar\u0131 ve Do\u011fum b\u00f6l\u00fcm\u00fc, adet<br class=\"read-more-spacer\"> <a class=\"more-link\" href=\"https:\/\/sagerhealthtravel.com\/tr\/index.php\/gynecology\/\">Read More<\/a><\/p>\n","protected":false},"author":1,"featured_media":0,"parent":0,"menu_order":0,"comment_status":"closed","ping_status":"closed","template":"","meta":{"footnotes":""},"class_list":["post-4083","page","type-page","status-publish","hentry"],"_links":{"self":[{"href":"https:\/\/sagerhealthtravel.com\/tr\/index.php\/wp-json\/wp\/v2\/pages\/4083","targetHints":{"allow":["GET"]}}],"collection":[{"href":"https:\/\/sagerhealthtravel.com\/tr\/index.php\/wp-json\/wp\/v2\/pages"}],"about":[{"href":"https:\/\/sagerhealthtravel.com\/tr\/index.php\/wp-json\/wp\/v2\/types\/page"}],"author":[{"embeddable":true,"href":"https:\/\/sagerhealthtravel.com\/tr\/index.php\/wp-json\/wp\/v2\/users\/1"}],"replies":[{"embeddable":true,"href":"https:\/\/sagerhealthtravel.com\/tr\/index.php\/wp-json\/wp\/v2\/comments?post=4083"}],"version-history":[{"count":4,"href":"https:\/\/sagerhealthtravel.com\/tr\/index.php\/wp-json\/wp\/v2\/pages\/4083\/revisions"}],"predecessor-version":[{"id":4288,"href":"https:\/\/sagerhealthtravel.com\/tr\/index.php\/wp-json\/wp\/v2\/pages\/4083\/revisions\/4288"}],"wp:attachment":[{"href":"https:\/\/sagerhealthtravel.com\/tr\/index.php\/wp-json\/wp\/v2\/media?parent=4083"}],"curies":[{"name":"wp","href":"https:\/\/api.w.org\/{rel}","templated":true}]}}