{"id":4081,"date":"2021-03-08T13:23:06","date_gmt":"2021-03-08T10:23:06","guid":{"rendered":"http:\/\/yeni.sagerhealthtravel.com\/?page_id=4081"},"modified":"2021-03-19T11:11:11","modified_gmt":"2021-03-19T08:11:11","slug":"oncology","status":"publish","type":"page","link":"https:\/\/sagerhealthtravel.com\/tr\/index.php\/oncology\/","title":{"rendered":"ONKOLOJ\u0130"},"content":{"rendered":"<p>[vc_row][vc_column][vc_column_text]<\/p>\n<h1><strong>ONKOLOJ\u0130<\/strong><\/h1>\n<p>Onkoloji; v\u00fccutta var olan t\u00fcm\u00f6rlerin olu\u015fumu, nedenleri, tan\u0131s\u0131, tedavisi ve kal\u0131t\u0131mla ili\u015fkisini inceleyen bilim dal\u0131d\u0131r. Kanserli h\u00fccreleri inceledi\u011fi gibi kanserli olmayan h\u00fccreleri de inceler. Bu onkolojinin ilgilendi\u011fi dallar\u0131 geni\u015fletir. Kanserin ila\u00e7la tedavisi anlam\u0131na gelen Kemoterapi uygulamalar\u0131n\u0131 inceleyen t\u0131bbi onkoloji ayn\u0131 zamanda kanserden korunma, kanser taramas\u0131 ve erken tan\u0131 uygulamalar\u0131n\u0131 da inceler.<\/p>\n<p>Hayat\u0131n\u0131z\u0131 tehdit eden kanser te\u015fhis ve tedavi s\u00fcre\u00e7lerinin t\u00fcm\u00fcnde Sager Health Travel her zaman yan\u0131n\u0131zda. T\u00fcrkiye\u2019nin her noktas\u0131nda rahats\u0131zl\u0131\u011f\u0131n\u0131za \u00e7\u00f6z\u00fcm bulma hedefi ile, ileri teknoloji ekipman ve uzman hekimlerden olu\u015fan hastanelerde sizin i\u00e7in en uygun tedavi program\u0131na imkan sa\u011fl\u0131yoruz.<\/p>\n<p>Sager Health Travel,\u00a0 yurt i\u00e7i ve yurt d\u0131\u015f\u0131ndan bir\u00e7ok hastaya ev sahipli\u011fi yaparak, g\u00fcler y\u00fczl\u00fc ve hasta memnuniyetini \u00f6nemseyen sa\u011fl\u0131k personellerine sizleri emanet, ederek refakat\u00e7ilerinizle birlikte konforlu konaklaman\u0131z\u0131 temin eder.<\/p>\n<p>Anla\u015fmal\u0131 oldu\u011fumuz modern sa\u011fl\u0131k kurulu\u015flar\u0131nda yer alan onkolojik hizmetlerimiz;<\/p>\n<ul>\n<li>Ba\u015f ve boyun t\u00fcm\u00f6rleri<\/li>\n<li>Beyin t\u00fcm\u00f6rleri<\/li>\n<li>Rahim Kanseri<\/li>\n<li>Rahim A\u011fz\u0131 Kanseri<\/li>\n<li>Meme kanseri<\/li>\n<li>Lenfomalar<\/li>\n<li>Tiroid kanseri<\/li>\n<li>Mide ve ba\u011f\u0131rsak kanserleri<\/li>\n<li>Pankreas kanserleri<\/li>\n<li>Karaci\u011fer kanserleri<\/li>\n<li>Safra kesesi ve safra yolu kanserleri<\/li>\n<li>Akci\u011fer kanseri<\/li>\n<li>Yumu\u015fak doku sarkomlar\u0131<\/li>\n<li>B\u00f6brek ve mesane kanserleri<\/li>\n<li>Malign melanom<\/li>\n<li>Yumurtal\u0131k kanseri<\/li>\n<li>Prostat kanseri<\/li>\n<li>Testis kanseri<\/li>\n<li>Multiple myelom<\/li>\n<\/ul>\n<p>[\/vc_column_text][vc_images_carousel images=&#8221;4173&#8243; slides_per_view=&#8221;1&#8243;][\/vc_column][\/vc_row]<\/p>\n","protected":false},"excerpt":{"rendered":"<p>[vc_row][vc_column][vc_column_text] ONKOLOJ\u0130 Onkoloji; v\u00fccutta var olan t\u00fcm\u00f6rlerin olu\u015fumu, nedenleri, tan\u0131s\u0131, tedavisi ve kal\u0131t\u0131mla ili\u015fkisini inceleyen bilim dal\u0131d\u0131r. Kanserli h\u00fccreleri inceledi\u011fi gibi kanserli olmayan h\u00fccreleri de inceler. Bu onkolojinin ilgilendi\u011fi dallar\u0131 geni\u015fletir. Kanserin ila\u00e7la tedavisi anlam\u0131na gelen Kemoterapi uygulamalar\u0131n\u0131 inceleyen t\u0131bbi onkoloji ayn\u0131 zamanda kanserden korunma, kanser taramas\u0131 ve erken tan\u0131 uygulamalar\u0131n\u0131 da inceler. Hayat\u0131n\u0131z\u0131 tehdit<br class=\"read-more-spacer\"> <a class=\"more-link\" href=\"https:\/\/sagerhealthtravel.com\/tr\/index.php\/oncology\/\">Read More<\/a><\/p>\n","protected":false},"author":1,"featured_media":0,"parent":0,"menu_order":0,"comment_status":"closed","ping_status":"closed","template":"","meta":{"footnotes":""},"class_list":["post-4081","page","type-page","status-publish","hentry"],"_links":{"self":[{"href":"https:\/\/sagerhealthtravel.com\/tr\/index.php\/wp-json\/wp\/v2\/pages\/4081","targetHints":{"allow":["GET"]}}],"collection":[{"href":"https:\/\/sagerhealthtravel.com\/tr\/index.php\/wp-json\/wp\/v2\/pages"}],"about":[{"href":"https:\/\/sagerhealthtravel.com\/tr\/index.php\/wp-json\/wp\/v2\/types\/page"}],"author":[{"embeddable":true,"href":"https:\/\/sagerhealthtravel.com\/tr\/index.php\/wp-json\/wp\/v2\/users\/1"}],"replies":[{"embeddable":true,"href":"https:\/\/sagerhealthtravel.com\/tr\/index.php\/wp-json\/wp\/v2\/comments?post=4081"}],"version-history":[{"count":30,"href":"https:\/\/sagerhealthtravel.com\/tr\/index.php\/wp-json\/wp\/v2\/pages\/4081\/revisions"}],"predecessor-version":[{"id":4298,"href":"https:\/\/sagerhealthtravel.com\/tr\/index.php\/wp-json\/wp\/v2\/pages\/4081\/revisions\/4298"}],"wp:attachment":[{"href":"https:\/\/sagerhealthtravel.com\/tr\/index.php\/wp-json\/wp\/v2\/media?parent=4081"}],"curies":[{"name":"wp","href":"https:\/\/api.w.org\/{rel}","templated":true}]}}