{"id":4079,"date":"2021-03-08T13:22:52","date_gmt":"2021-03-08T10:22:52","guid":{"rendered":"http:\/\/yeni.sagerhealthtravel.com\/?page_id=4079"},"modified":"2021-03-19T10:49:51","modified_gmt":"2021-03-19T07:49:51","slug":"aesthetic","status":"publish","type":"page","link":"https:\/\/sagerhealthtravel.com\/tr\/index.php\/aesthetic\/","title":{"rendered":"ESTET\u0130K"},"content":{"rendered":"<p>[vc_row][vc_column][vc_column_text]<\/p>\n<h3>ESTET\u0130K<\/h3>\n<p>Beden sa\u011fl\u0131\u011f\u0131n\u0131n en \u00f6nemli tamamlay\u0131c\u0131 fakt\u00f6rlerinden olan estetik g\u00fczellik bir \u00e7ok insan\u0131n kayg\u0131 duydu\u011fu bir olgudur. G\u00fczelli\u011fimize engel oldu\u011funu d\u00fc\u015f\u00fcnd\u00fc\u011f\u00fcm\u00fcz ya da do\u011fumsal olarak var olan bir kusuru gidermek geli\u015fmi\u015f t\u0131bbi teknolojilerle m\u00fcmk\u00fcn hale gelmi\u015ftir. G\u00fczellik alg\u0131n\u0131z\u0131 \u00f6n plana \u00e7\u0131karacak t\u00fcm a\u015famalarda Sager Health Travel her zaman yan\u0131n\u0131zda. T\u00fcrkiye\u2019nin her noktas\u0131nda rahats\u0131zl\u0131\u011f\u0131n\u0131za \u00e7\u00f6z\u00fcm bulma hedefi ile, ileri teknoloji ekipman ve uzman hekimlerden olu\u015fan hastanelerde sizin i\u00e7in en uygun tedavi program\u0131na imkan sa\u011fl\u0131yoruz.<\/p>\n<p>Sager Health Travel,\u00a0 yurt i\u00e7i ve yurt d\u0131\u015f\u0131ndan bir\u00e7ok hastaya ev sahipli\u011fi yaparak, g\u00fcler y\u00fczl\u00fc ve hasta memnuniyetini \u00f6nemseyen sa\u011fl\u0131k personellerine sizleri emanet, ederek refakat\u00e7ilerinizle birlikte konforlu konaklaman\u0131z\u0131 temin eder.<\/p>\n<p>Anla\u015fmal\u0131 oldu\u011fumuz modern sa\u011fl\u0131k kurulu\u015flar\u0131nda yer alan estetik uygulamalar\u0131m\u0131z;<strong>\u00a0\u00a0\u00a0\u00a0\u00a0 \u00a0\u00a0\u00a0\u00a0\u00a0\u00a0\u00a0\u00a0\u00a0\u00a0\u00a0\u00a0\u00a0\u00a0\u00a0\u00a0\u00a0\u00a0\u00a0\u00a0\u00a0\u00a0\u00a0\u00a0\u00a0\u00a0\u00a0\u00a0\u00a0\u00a0\u00a0\u00a0\u00a0\u00a0\u00a0\u00a0\u00a0\u00a0\u00a0\u00a0<\/strong><\/p>\n<ul>\n<li><strong>Y\u00fcz Esteti\u011fi; <\/strong>Burun esteti\u011fi, Kulak esteti\u011fi, Y\u00fcz germe, Botoks, Boyun germe, Dudak esteti\u011fi, Ka\u015f ekimi, Dolgu, G\u00f6z esteti\u011fi.<\/li>\n<li><strong>Meme Esteti\u011fi; <\/strong>Meme k\u00fc\u00e7\u00fcltme, Meme b\u00fcy\u00fctme, Meme dikle\u015ftirme, Meme ya\u011f transferi.<\/li>\n<li><strong>V\u00fccut Esteti\u011fi; <\/strong>El esteti\u011fi, Kar\u0131n germe, Kol germe, Liposuction, Popo esteti\u011fi, Vajina esteti\u011fi, Ya\u011f transferi, Aquafilling.<\/li>\n<li><strong>Di\u015f Esteti\u011fi<\/strong>; Di\u015f beyazlatma, \u0130mplan uygulamalar\u0131, Porselen dolgu, G\u00fcl\u00fc\u015f tasar\u0131m\u0131, Inley ve Onley Di\u015f restorasyonu.<\/li>\n<li><strong>Sa\u00e7 Ekimi; <\/strong>Organik sa\u00e7 ekimi, FUE sa\u00e7 ekimi, PRPli FUE sa\u00e7 ekimi, Sa\u00e7 mezoterapisi, sakal ve favori ekimi, B\u0131y\u0131k ekimi, Yan\u0131k ve yara izi ekimi.<\/li>\n<\/ul>\n<p>[\/vc_column_text][vc_single_image image=&#8221;3978&#8243;][\/vc_column][\/vc_row]<\/p>\n","protected":false},"excerpt":{"rendered":"<p>[vc_row][vc_column][vc_column_text] ESTET\u0130K Beden sa\u011fl\u0131\u011f\u0131n\u0131n en \u00f6nemli tamamlay\u0131c\u0131 fakt\u00f6rlerinden olan estetik g\u00fczellik bir \u00e7ok insan\u0131n kayg\u0131 duydu\u011fu bir olgudur. G\u00fczelli\u011fimize engel oldu\u011funu d\u00fc\u015f\u00fcnd\u00fc\u011f\u00fcm\u00fcz ya da do\u011fumsal olarak var olan bir kusuru gidermek geli\u015fmi\u015f t\u0131bbi teknolojilerle m\u00fcmk\u00fcn hale gelmi\u015ftir. G\u00fczellik alg\u0131n\u0131z\u0131 \u00f6n plana \u00e7\u0131karacak t\u00fcm a\u015famalarda Sager Health Travel her zaman yan\u0131n\u0131zda. T\u00fcrkiye\u2019nin her noktas\u0131nda rahats\u0131zl\u0131\u011f\u0131n\u0131za \u00e7\u00f6z\u00fcm<br class=\"read-more-spacer\"> <a class=\"more-link\" href=\"https:\/\/sagerhealthtravel.com\/tr\/index.php\/aesthetic\/\">Read More<\/a><\/p>\n","protected":false},"author":1,"featured_media":0,"parent":0,"menu_order":0,"comment_status":"closed","ping_status":"closed","template":"","meta":{"footnotes":""},"class_list":["post-4079","page","type-page","status-publish","hentry"],"_links":{"self":[{"href":"https:\/\/sagerhealthtravel.com\/tr\/index.php\/wp-json\/wp\/v2\/pages\/4079","targetHints":{"allow":["GET"]}}],"collection":[{"href":"https:\/\/sagerhealthtravel.com\/tr\/index.php\/wp-json\/wp\/v2\/pages"}],"about":[{"href":"https:\/\/sagerhealthtravel.com\/tr\/index.php\/wp-json\/wp\/v2\/types\/page"}],"author":[{"embeddable":true,"href":"https:\/\/sagerhealthtravel.com\/tr\/index.php\/wp-json\/wp\/v2\/users\/1"}],"replies":[{"embeddable":true,"href":"https:\/\/sagerhealthtravel.com\/tr\/index.php\/wp-json\/wp\/v2\/comments?post=4079"}],"version-history":[{"count":6,"href":"https:\/\/sagerhealthtravel.com\/tr\/index.php\/wp-json\/wp\/v2\/pages\/4079\/revisions"}],"predecessor-version":[{"id":4282,"href":"https:\/\/sagerhealthtravel.com\/tr\/index.php\/wp-json\/wp\/v2\/pages\/4079\/revisions\/4282"}],"wp:attachment":[{"href":"https:\/\/sagerhealthtravel.com\/tr\/index.php\/wp-json\/wp\/v2\/media?parent=4079"}],"curies":[{"name":"wp","href":"https:\/\/api.w.org\/{rel}","templated":true}]}}