{"id":4063,"date":"2021-03-08T12:43:17","date_gmt":"2021-03-08T09:43:17","guid":{"rendered":"http:\/\/yeni.sagerhealthtravel.com\/?page_id=4063"},"modified":"2021-03-19T10:57:21","modified_gmt":"2021-03-19T07:57:21","slug":"urology","status":"publish","type":"page","link":"https:\/\/sagerhealthtravel.com\/tr\/index.php\/urology\/","title":{"rendered":"\u00dcROLOJ\u0130"},"content":{"rendered":"<p>[vc_row][vc_column][vc_column_text]<\/p>\n<h3>\u00dcROLOJ\u0130<\/h3>\n<p>\u00dcroloji hem kad\u0131nlarda hem de erkeklerde idrar yolu sistemini etkileyen sorunlar\u0131 ve tedavilerini ele alan t\u0131p dal\u0131d\u0131r. \u00dcroloji alan\u0131 ayr\u0131ca erkek \u00fcreme organlar\u0131 ile ilgili problemleri ele almaktad\u0131r. En yayg\u0131n erkek \u00fcrolojisi sorunlar\u0131n\u0131 bilmek ve tan\u0131mak olduk\u00e7a \u00f6nemlidir. \u00c7\u00fcnk\u00fc bu ko\u015fullar tedavi edilmezse a\u011fr\u0131, rahats\u0131zl\u0131k ve daha ciddi sa\u011fl\u0131k sorunlar\u0131na yol a\u00e7abilir. Prostat ve mesane TUR ameliyatlar\u0131, a\u00e7\u0131k ve kapal\u0131 ta\u015f ameliyatlar\u0131 (\u00fcreteroskopi, perk\u00fctan nefrolitotomi), ta\u015f k\u0131rma (ESWL) tedavisi gibi rutin operasyonlar d\u0131\u015f\u0131nda \u00fcrolojik kanser ameliyatlar\u0131, \u00e7ocuk \u00fcrolojisi ameliyatlar\u0131, \u00fcrodinami, erkek cinsel i\u015flev bozukluklar\u0131 ve rahats\u0131zl\u0131k duydu\u011funuz di\u011fer konular\u0131nda tan\u0131 ve tedavi hizmetlerinde Sager Health Travel her zaman yan\u0131n\u0131zda. T\u00fcrkiye\u2019nin her noktas\u0131nda rahats\u0131zl\u0131\u011f\u0131n\u0131za \u00e7\u00f6z\u00fcm bulma hedefi ile, ileri teknoloji ekipman ve uzman hekimlerden olu\u015fan hastanelerde sizin i\u00e7in en uygun tedavi program\u0131na imkan sa\u011fl\u0131yoruz.<\/p>\n<p>Sager Health Travel,\u00a0 yurt i\u00e7i ve yurt d\u0131\u015f\u0131ndan bir\u00e7ok hastaya ev sahipli\u011fi yaparak, g\u00fcler y\u00fczl\u00fc ve hasta memnuniyetini \u00f6nemseyen sa\u011fl\u0131k personellerine sizleri emanet, ederek refakat\u00e7ilerinizle birlikte konforlu konaklaman\u0131z\u0131 temin eder.[\/vc_column_text][vc_single_image image=&#8221;4232&#8243;][\/vc_column][\/vc_row]<\/p>\n","protected":false},"excerpt":{"rendered":"<p>[vc_row][vc_column][vc_column_text] \u00dcROLOJ\u0130 \u00dcroloji hem kad\u0131nlarda hem de erkeklerde idrar yolu sistemini etkileyen sorunlar\u0131 ve tedavilerini ele alan t\u0131p dal\u0131d\u0131r. \u00dcroloji alan\u0131 ayr\u0131ca erkek \u00fcreme organlar\u0131 ile ilgili problemleri ele almaktad\u0131r. En yayg\u0131n erkek \u00fcrolojisi sorunlar\u0131n\u0131 bilmek ve tan\u0131mak olduk\u00e7a \u00f6nemlidir. \u00c7\u00fcnk\u00fc bu ko\u015fullar tedavi edilmezse a\u011fr\u0131, rahats\u0131zl\u0131k ve daha ciddi sa\u011fl\u0131k sorunlar\u0131na yol a\u00e7abilir. Prostat<br class=\"read-more-spacer\"> <a class=\"more-link\" href=\"https:\/\/sagerhealthtravel.com\/tr\/index.php\/urology\/\">Read More<\/a><\/p>\n","protected":false},"author":1,"featured_media":0,"parent":0,"menu_order":0,"comment_status":"closed","ping_status":"closed","template":"","meta":{"footnotes":""},"class_list":["post-4063","page","type-page","status-publish","hentry"],"_links":{"self":[{"href":"https:\/\/sagerhealthtravel.com\/tr\/index.php\/wp-json\/wp\/v2\/pages\/4063","targetHints":{"allow":["GET"]}}],"collection":[{"href":"https:\/\/sagerhealthtravel.com\/tr\/index.php\/wp-json\/wp\/v2\/pages"}],"about":[{"href":"https:\/\/sagerhealthtravel.com\/tr\/index.php\/wp-json\/wp\/v2\/types\/page"}],"author":[{"embeddable":true,"href":"https:\/\/sagerhealthtravel.com\/tr\/index.php\/wp-json\/wp\/v2\/users\/1"}],"replies":[{"embeddable":true,"href":"https:\/\/sagerhealthtravel.com\/tr\/index.php\/wp-json\/wp\/v2\/comments?post=4063"}],"version-history":[{"count":6,"href":"https:\/\/sagerhealthtravel.com\/tr\/index.php\/wp-json\/wp\/v2\/pages\/4063\/revisions"}],"predecessor-version":[{"id":4292,"href":"https:\/\/sagerhealthtravel.com\/tr\/index.php\/wp-json\/wp\/v2\/pages\/4063\/revisions\/4292"}],"wp:attachment":[{"href":"https:\/\/sagerhealthtravel.com\/tr\/index.php\/wp-json\/wp\/v2\/media?parent=4063"}],"curies":[{"name":"wp","href":"https:\/\/api.w.org\/{rel}","templated":true}]}}