{"id":4061,"date":"2021-03-08T12:42:45","date_gmt":"2021-03-08T09:42:45","guid":{"rendered":"http:\/\/yeni.sagerhealthtravel.com\/?page_id=4061"},"modified":"2021-03-19T11:01:03","modified_gmt":"2021-03-19T08:01:03","slug":"dermatology","status":"publish","type":"page","link":"https:\/\/sagerhealthtravel.com\/tr\/index.php\/dermatology\/","title":{"rendered":"DERMATOLOJ\u0130"},"content":{"rendered":"<p>[vc_row][vc_column][vc_column_text]<\/p>\n<h3>DERMATOLOJ\u0130<\/h3>\n<p>Beden sa\u011fl\u0131\u011f\u0131m\u0131z\u0131 b\u00fct\u00fcn olarak ele ald\u0131\u011f\u0131m\u0131zda, cilt sa\u011fl\u0131\u011f\u0131m\u0131z bizim i\u00e7in \u00e7ok \u00f6nemlidir.<\/p>\n<p>Deri, d\u0131\u015f ortamla s\u00fcrekli temas halinde olmas\u0131 nedeniyle hastal\u0131klar\u0131n olu\u015fumuna a\u00e7\u0131k bir organd\u0131r. G\u00fcnl\u00fck ya\u015famda \u00e7evresel etkenler, kimyasal maddeler, alerjenler ve benzeri uyar\u0131c\u0131lara s\u0131kl\u0131kla maruz kal\u0131nmas\u0131 nedeniyle dermatolojik rahats\u0131zl\u0131klar\u0131n ortaya \u00e7\u0131kmas\u0131 kolayla\u015fabilir. Deride olu\u015fabilecek hastal\u0131klar baz\u0131 durumlarda estetik ve kozmetik sorunlara, baz\u0131 durumlarda g\u00fcnl\u00fck i\u015flevlerin yerine getirilmesinde olu\u015fabilecek zorluklara neden olabilir. Cilt sa\u011fl\u0131\u011f\u0131n\u0131z ile ilgili b\u00fct\u00fcn ihtiya\u00e7 duydu\u011funuz alanlarda Sager Health Travel her zaman yan\u0131n\u0131zda. T\u00fcrkiye\u2019nin her noktas\u0131nda rahats\u0131zl\u0131\u011f\u0131n\u0131za \u00e7\u00f6z\u00fcm bulma hedefi ile, ileri teknoloji ekipman ve uzman hekimlerden olu\u015fan hastanelerde sizin i\u00e7in en uygun tedavi program\u0131na imkan sa\u011fl\u0131yoruz.<\/p>\n<p>Sager Health Travel,\u00a0 yurt i\u00e7i ve yurt d\u0131\u015f\u0131ndan bir\u00e7ok hastaya ev sahipli\u011fi yaparak, g\u00fcler y\u00fczl\u00fc ve hasta memnuniyetini \u00f6nemseyen sa\u011fl\u0131k personellerine sizleri emanet, ederek refakat\u00e7ilerinizle birlikte konforlu konaklaman\u0131z\u0131 temin eder.<\/p>\n<p>Anla\u015fmal\u0131 oldu\u011fumuz modern sa\u011fl\u0131k kurulu\u015flar\u0131nda verdi\u011fimiz hizmetlerimizin bir k\u0131sm\u0131;<\/p>\n<ul>\n<li>Sa\u00e7 d\u00f6k\u00fclmesi tedavisi<\/li>\n<li>A\u015f\u0131r\u0131 t\u00fcylenme tedavisi<\/li>\n<li>Lazer epilasyon<\/li>\n<li>A\u015f\u0131r\u0131 terleme tedavisi<\/li>\n<li>Kozmetik Dermotoloji<\/li>\n<li>Kimyasal peeling uygulamalar\u0131<\/li>\n<li>Jessner peeling<\/li>\n<li>Leke tedavisi<\/li>\n<li>K\u0131r\u0131\u015f\u0131kl\u0131k tedavisi<\/li>\n<li>Botoks<\/li>\n<li>Sivilce tedavisi<\/li>\n<li>Egzama tedavisi<\/li>\n<li>Frengi ve bel so\u011fuklu\u011fu gibi z\u00fchrevi hastal\u0131klar\u0131n tedavisi<\/li>\n<li>Sa\u00e7 ve t\u0131rnak tedavileri<\/li>\n<li>Mantar Tedavisi<\/li>\n<li>Sedef tedavisi<\/li>\n<li>Kepek tedavisi.<\/li>\n<\/ul>\n<p>[\/vc_column_text][vc_single_image image=&#8221;4235&#8243;][\/vc_column][\/vc_row]<\/p>\n","protected":false},"excerpt":{"rendered":"<p>[vc_row][vc_column][vc_column_text] DERMATOLOJ\u0130 Beden sa\u011fl\u0131\u011f\u0131m\u0131z\u0131 b\u00fct\u00fcn olarak ele ald\u0131\u011f\u0131m\u0131zda, cilt sa\u011fl\u0131\u011f\u0131m\u0131z bizim i\u00e7in \u00e7ok \u00f6nemlidir. Deri, d\u0131\u015f ortamla s\u00fcrekli temas halinde olmas\u0131 nedeniyle hastal\u0131klar\u0131n olu\u015fumuna a\u00e7\u0131k bir organd\u0131r. G\u00fcnl\u00fck ya\u015famda \u00e7evresel etkenler, kimyasal maddeler, alerjenler ve benzeri uyar\u0131c\u0131lara s\u0131kl\u0131kla maruz kal\u0131nmas\u0131 nedeniyle dermatolojik rahats\u0131zl\u0131klar\u0131n ortaya \u00e7\u0131kmas\u0131 kolayla\u015fabilir. Deride olu\u015fabilecek hastal\u0131klar baz\u0131 durumlarda estetik ve kozmetik sorunlara,<br class=\"read-more-spacer\"> <a class=\"more-link\" href=\"https:\/\/sagerhealthtravel.com\/tr\/index.php\/dermatology\/\">Read More<\/a><\/p>\n","protected":false},"author":1,"featured_media":0,"parent":0,"menu_order":0,"comment_status":"closed","ping_status":"closed","template":"","meta":{"footnotes":""},"class_list":["post-4061","page","type-page","status-publish","hentry"],"_links":{"self":[{"href":"https:\/\/sagerhealthtravel.com\/tr\/index.php\/wp-json\/wp\/v2\/pages\/4061","targetHints":{"allow":["GET"]}}],"collection":[{"href":"https:\/\/sagerhealthtravel.com\/tr\/index.php\/wp-json\/wp\/v2\/pages"}],"about":[{"href":"https:\/\/sagerhealthtravel.com\/tr\/index.php\/wp-json\/wp\/v2\/types\/page"}],"author":[{"embeddable":true,"href":"https:\/\/sagerhealthtravel.com\/tr\/index.php\/wp-json\/wp\/v2\/users\/1"}],"replies":[{"embeddable":true,"href":"https:\/\/sagerhealthtravel.com\/tr\/index.php\/wp-json\/wp\/v2\/comments?post=4061"}],"version-history":[{"count":5,"href":"https:\/\/sagerhealthtravel.com\/tr\/index.php\/wp-json\/wp\/v2\/pages\/4061\/revisions"}],"predecessor-version":[{"id":4294,"href":"https:\/\/sagerhealthtravel.com\/tr\/index.php\/wp-json\/wp\/v2\/pages\/4061\/revisions\/4294"}],"wp:attachment":[{"href":"https:\/\/sagerhealthtravel.com\/tr\/index.php\/wp-json\/wp\/v2\/media?parent=4061"}],"curies":[{"name":"wp","href":"https:\/\/api.w.org\/{rel}","templated":true}]}}