{"id":3180,"date":"2015-07-13T08:06:43","date_gmt":"2015-07-13T08:06:43","guid":{"rendered":"http:\/\/disgogo.com\/healthcenterdemo\/?page_id=3180"},"modified":"2021-03-19T12:00:57","modified_gmt":"2021-03-19T09:00:57","slug":"visual-composer","status":"publish","type":"page","link":"https:\/\/sagerhealthtravel.com\/tr\/index.php\/visual-composer\/","title":{"rendered":"DANI\u015eMANLIK"},"content":{"rendered":"<p>[vc_row][vc_column offset=&#8221;vc_col-lg-offset-0&#8243;][vc_column_text]<\/p>\n<h2>DANI\u015eMANLIK \u0130\u00c7\u0130N SAGER<\/h2>\n<p>Sa\u011fl\u0131k sekt\u00f6r\u00fcnde ve hastanelerin y\u00f6netimi ve in\u015fas\u0131 a\u00e7\u0131s\u0131ndan geni\u015f bir yelpazede dan\u0131\u015fmanl\u0131k hizmeti veren Sager Grup \u015firketlerinden biridir.<\/p>\n<p>Kons\u00fcltasyonlar i\u00e7in Sager, sa\u011fl\u0131k sekt\u00f6r\u00fcne odaklanm\u0131\u015ft\u0131r ve uzman kadrosu ile sa\u011fl\u0131k sekt\u00f6r\u00fcn\u00fcn karma\u015f\u0131k sorunlar\u0131na \u00e7\u00f6z\u00fcmler \u00f6nerebilir ve \u00e7\u00f6z\u00fcmlerini bulmak i\u00e7in yenilenmeye g\u00fcvenebilir.<\/p>\n<p>Amac\u0131m\u0131z, m\u00fc\u015fterilerimiz i\u00e7in en k\u0131sa s\u00fcrede ve m\u00fcmk\u00fcn olan en d\u00fc\u015f\u00fck maliyetle kal\u0131c\u0131 \u00e7\u00f6z\u00fcmler bulmakt\u0131r.[\/vc_column_text][vc_single_image image=&#8221;3869&#8243;][vc_column_text]<\/p>\n<h2>YATIRIM DANI\u015eMANLI\u011eI \u0130\u00c7\u0130N SAGER<\/h2>\n<p>Son d\u00f6nemdeki ekonomik ilerlemeyle T\u00fcrkiye, yat\u0131r\u0131m i\u00e7in \u00f6nc\u00fc bir pazar haline geldi. Sa\u011fl\u0131k sekt\u00f6r\u00fcnde hastane veya geli\u015fmi\u015f hastane grubu olarak b\u00fcy\u00fck yat\u0131r\u0131mlar ilgimizi \u00e7ekti.<\/p>\n<p>Ancak T\u00fcrkiye&#8217;de yat\u0131r\u0131m, \u00f6zellikle hastane yat\u0131r\u0131m\u0131, sat\u0131n al\u0131nmas\u0131 planlanan hastanelerin t\u00fcm ekonomik bilgilerini ve b\u00fct\u00e7esini analiz edip g\u00f6zden ge\u00e7irmemiz ve projenin detaylar\u0131n\u0131n do\u011fru analiz edilmesi gerekiyor. Yeni bir hastane kurmak istiyorsak, ilk fizibilite hesaplamalar\u0131 bir \u00f6n \u015fartt\u0131r.<\/p>\n<p>Sager for Consultation sa\u011fl\u0131k sekt\u00f6r\u00fcnde b\u00fcy\u00fck bir endi\u015feye sahip oldu\u011fundan, uzman kadrosu size \u00f6zel dan\u0131\u015fmanl\u0131k hizmetleri sa\u011flayabilir. \u0130sterseniz sadece sa\u011fl\u0131k sekt\u00f6r\u00fcne y\u00f6nelik dan\u0131\u015fmanl\u0131k hizmeti ve temel hastane y\u00f6netimi analizleri alabilirsiniz. Dilerseniz hastane in\u015faat\u0131ndan ba\u015flayarak sizin yerinize prosed\u00fcr\u00fc takip edebiliriz.<\/p>\n<p>Sager for Consultations taraf\u0131ndan sa\u011flanan hizmetler \u015funlard\u0131r:<\/p>\n<ul>\n<li>&#8211; T\u00fcrkiye&#8217;deki ekonomik g\u00f6stergelerin, genel sosyal ve ekonomik durumun de\u011ferlendirilmesi.<\/li>\n<li>Hastaneyi in\u015fa etmek istedi\u011finiz \u00fclkedeki sa\u011fl\u0131k sekt\u00f6r\u00fcn\u00fcn durumunu de\u011ferlendirin.<\/li>\n<li>Yasal d\u00fczenlemelerin sekt\u00f6r \u00fczerindeki etkisini de\u011ferlendirin.<\/li>\n<li>Hastane sat\u0131n alma dan\u0131\u015fmanl\u0131\u011f\u0131<\/li>\n<li>Sekt\u00f6rdeki hastanelerin durumunun analizi.<\/li>\n<li>Hastane finansal analizi ve finansal performans.<\/li>\n<li>Kesintilerden \u00f6nceki kar oranlar\u0131.<\/li>\n<li>Hastanede ve her b\u00f6l\u00fcmde ayr\u0131 ayr\u0131 verimlilik oranlar\u0131.<\/li>\n<li>Giderlerin analizi<\/li>\n<li>Doktorun yetki verme sisteminin analizi.<\/li>\n<li>Nakit ak\u0131\u015f\u0131 performans\u0131n\u0131n \u00f6l\u00e7\u00fclmesi.<\/li>\n<li>Faturalar\u0131n performans\u0131n\u0131 \u00f6l\u00e7mek.<\/li>\n<li>Hastanede pratik performans\u0131n \u00f6l\u00e7\u00fclmesi.<\/li>\n<li>T\u00fcm hastane d\u00f6neminin performans\u0131n\u0131 de\u011ferlendirin (randevudan hasta kabul\u00fcne, ameliyattan radyolojik d\u00f6neme kadar t\u00fcm d\u00f6nemler dahil).<\/li>\n<li>Hasta memnuniyet oran\u0131 ve CRM uygulamas\u0131n\u0131n analizi.<\/li>\n<li>\u0130nsan kapasitesi performans\u0131n\u0131n analizi (\u00e7al\u0131\u015fan yenileme oran\u0131, \u00e7al\u0131\u015fan memnuniyeti vb.).<\/li>\n<li>Marka ile i\u015f tan\u0131t\u0131m\u0131n\u0131n analizi.<\/li>\n<li>Geliri art\u0131ran hastane faaliyetlerinin analizi (sa\u011fl\u0131k turizmi vb.).<\/li>\n<li>T\u0131bbi Performans Y\u00f6netimi<\/li>\n<li>T\u0131bbi sonu\u00e7lar\u0131n de\u011ferlendirilmesi (komplikasyonlar, enfeksiyonlar, enfeksiyon oranlar\u0131, vb.).<\/li>\n<li>BT altyap\u0131s\u0131n\u0131n ve kullan\u0131lan yaz\u0131l\u0131m\u0131n analizi.<\/li>\n<li>Yeni hastanelerin in\u015fas\u0131 ile ilgili isti\u015fareler<\/li>\n<li>B\u00fct\u00e7e planlamas\u0131<\/li>\n<li>Hastane binas\u0131n\u0131n yer se\u00e7imi<\/li>\n<li>Hastane dekorasyonunun haz\u0131rlanmas\u0131<\/li>\n<li>Hastanedeki t\u0131bbi b\u00f6l\u00fcmlerin beyan\u0131<\/li>\n<li>\u0130\u015f i\u00e7in uygun mimari tarzlar\u0131n belirlenmesi<\/li>\n<li>Hayati altyap\u0131n\u0131n planlanmas\u0131 ve sat\u0131n alma s\u00fcresinin d\u00fczenlenmesi.<\/li>\n<li>Yasal d\u00fczenlemelere g\u00f6re \u00e7al\u0131\u015fma izinlerinin sigortas\u0131.<\/li>\n<li>Hastane y\u00f6netiminde dan\u0131\u015fmanl\u0131k.<\/li>\n<li>Randevu sisteminin ve doktorun uygunlu\u011funun planlanmas\u0131.<\/li>\n<li>Personel al\u0131m\u0131n\u0131 planlama ve organizasyon \u015femas\u0131 olu\u015fturma.<\/li>\n<li>Bilgi altyap\u0131s\u0131n\u0131n olu\u015fturulmas\u0131.<\/li>\n<li>Hastanede kald\u0131\u011f\u0131 g\u00fcnden taburcu oldu\u011fu g\u00fcne kadar hastan\u0131n att\u0131\u011f\u0131 t\u00fcm ad\u0131mlar\u0131 tan\u0131mlay\u0131n.<\/li>\n<li>Sat\u0131n alma sistemi olu\u015fturmak.<\/li>\n<li>Fiyatlar\u0131 belirlemek ve fiyatland\u0131rma politikas\u0131n\u0131 kurmak.<\/li>\n<\/ul>\n<p>&nbsp;[\/vc_column_text][\/vc_column][\/vc_row]<\/p>\n","protected":false},"excerpt":{"rendered":"<p>[vc_row][vc_column offset=&#8221;vc_col-lg-offset-0&#8243;][vc_column_text] DANI\u015eMANLIK \u0130\u00c7\u0130N SAGER Sa\u011fl\u0131k sekt\u00f6r\u00fcnde ve hastanelerin y\u00f6netimi ve in\u015fas\u0131 a\u00e7\u0131s\u0131ndan geni\u015f bir yelpazede dan\u0131\u015fmanl\u0131k hizmeti veren Sager Grup \u015firketlerinden biridir. Kons\u00fcltasyonlar i\u00e7in Sager, sa\u011fl\u0131k sekt\u00f6r\u00fcne odaklanm\u0131\u015ft\u0131r ve uzman kadrosu ile sa\u011fl\u0131k sekt\u00f6r\u00fcn\u00fcn karma\u015f\u0131k sorunlar\u0131na \u00e7\u00f6z\u00fcmler \u00f6nerebilir ve \u00e7\u00f6z\u00fcmlerini bulmak i\u00e7in yenilenmeye g\u00fcvenebilir. Amac\u0131m\u0131z, m\u00fc\u015fterilerimiz i\u00e7in en k\u0131sa s\u00fcrede ve m\u00fcmk\u00fcn olan en<br class=\"read-more-spacer\"> <a class=\"more-link\" href=\"https:\/\/sagerhealthtravel.com\/tr\/index.php\/visual-composer\/\">Read More<\/a><\/p>\n","protected":false},"author":1,"featured_media":0,"parent":0,"menu_order":0,"comment_status":"open","ping_status":"open","template":"","meta":{"footnotes":""},"class_list":["post-3180","page","type-page","status-publish","hentry"],"_links":{"self":[{"href":"https:\/\/sagerhealthtravel.com\/tr\/index.php\/wp-json\/wp\/v2\/pages\/3180","targetHints":{"allow":["GET"]}}],"collection":[{"href":"https:\/\/sagerhealthtravel.com\/tr\/index.php\/wp-json\/wp\/v2\/pages"}],"about":[{"href":"https:\/\/sagerhealthtravel.com\/tr\/index.php\/wp-json\/wp\/v2\/types\/page"}],"author":[{"embeddable":true,"href":"https:\/\/sagerhealthtravel.com\/tr\/index.php\/wp-json\/wp\/v2\/users\/1"}],"replies":[{"embeddable":true,"href":"https:\/\/sagerhealthtravel.com\/tr\/index.php\/wp-json\/wp\/v2\/comments?post=3180"}],"version-history":[{"count":8,"href":"https:\/\/sagerhealthtravel.com\/tr\/index.php\/wp-json\/wp\/v2\/pages\/3180\/revisions"}],"predecessor-version":[{"id":4305,"href":"https:\/\/sagerhealthtravel.com\/tr\/index.php\/wp-json\/wp\/v2\/pages\/3180\/revisions\/4305"}],"wp:attachment":[{"href":"https:\/\/sagerhealthtravel.com\/tr\/index.php\/wp-json\/wp\/v2\/media?parent=3180"}],"curies":[{"name":"wp","href":"https:\/\/api.w.org\/{rel}","templated":true}]}}