{"id":2481,"date":"2015-05-05T13:23:29","date_gmt":"2015-05-05T13:23:29","guid":{"rendered":"http:\/\/disgogo.com\/healthcenterdemo\/?page_id=2481"},"modified":"2021-03-29T17:38:40","modified_gmt":"2021-03-29T14:38:40","slug":"homepage-v1","status":"publish","type":"page","link":"https:\/\/sagerhealthtravel.com\/tr\/","title":{"rendered":"Homepage v1"},"content":{"rendered":"<p>[vc_row css=&#8221;.vc_custom_1437558928746{margin-bottom: 0px !important;border-bottom-width: 1px !important;padding-bottom: 0px !important;border-bottom-color: #eeeeee !important;border-bottom-style: solid !important;}&#8221;][vc_column width=&#8221;2\/3&#8243; css=&#8221;.vc_custom_1436989849047{padding-right: 90px !important;}&#8221;][vc_column_text]<\/p>\n<div class=\"wpb_text_column wpb_content_element \">\n<div class=\"wpb_wrapper\">\n<h1 class=\"aciklama\"><strong>HAKKIMIZDA<\/strong><\/h1>\n<p>SAGER SA\u011eLIK VE SEYAHAT<\/p>\n<p>Sager , Bursa ilinde \/ T\u00fcrkiye&#8217;de var olan bir \u015firkettir. Kurulu\u015funun ba\u015flang\u0131c\u0131nda dan\u0131\u015fma ve e\u011fitimle ilgilendi. Daha sonra \u00fclkeler aras\u0131 sa\u011fl\u0131k ve turizme ilgi duydu. Buna g\u00f6re \u00fc\u00e7 farkl\u0131 alan\u0131 olan bir \u015firkete d\u00f6n\u00fc\u015fm\u00fc\u015ft\u00fcr. A\u015fa\u011f\u0131daki \u015firketlerden olu\u015fmaktad\u0131r:<\/p>\n<ul>\n<li>Dan\u0131\u015fmanl\u0131k ve e\u011fitim i\u00e7in<\/li>\n<li>Sager Uluslararas\u0131 ticaret i\u00e7in<\/li>\n<li>Sager Uluslararas\u0131 sa\u011fl\u0131k turizmi i\u00e7in<\/li>\n<\/ul>\n<p>Sager Sager Travel , uzun y\u0131llard\u0131r k\u00f6kl\u00fc bir turizm a\u011f\u0131d\u0131r, binlerce misafiri mutlu bir \u015fekilde kar\u015f\u0131lamay\u0131 ve onlar\u0131 evlerine geri getirmeyi ilke edinmi\u015ftir. ayn\u0131 mutluluk. Sager ailesi kurarak sa\u011fl\u0131k, seyahat ve ar\u0131tma sistemlerinde hizmet vermeye devamSAGER HEALTH &amp; TRAVEL markas\u0131 ve profesyonel kadrosu ile ona g\u00fc\u00e7 katmak.<\/p>\n<p>Sa\u011fl\u0131kl\u0131 ve kaliteli bir ya\u015fam i\u00e7in SAGER HEALTH &amp; TRAVEL hizmetinizde.<\/p>\n<\/div>\n<\/div>\n<p>[\/vc_column_text][vc_single_image image=&#8221;3862&#8243;][vc_column_text css=&#8221;.vc_custom_1616143542886{margin-bottom: 30px !important;}&#8221;]<\/p>\n<h2>N\u0130\u00c7\u0130N SAGER HEALTH TRAVEL\u0130 TERC\u0130H ETMEL\u0130Y\u0130M?<\/h2>\n<p>Sager Health Travel, y\u0131llar\u0131n vermi\u015f oldu\u011fu turizm tecr\u00fcbesi ile sa\u011fl\u0131k sekt\u00f6r\u00fcndeki hakimiyetini birle\u015ftirerek T\u00fcrkiye\u2019nin her noktas\u0131nda misafirlerine ayn\u0131 hassasiyette hizmet vermektedir.[\/vc_column_text][vc_row_inner][vc_column_inner]\n\t<div class=\"gg_list list_style_remove  \"><\/p>\n<ul>\n<li>Konforlu u\u00e7u\u015f revervasyonu<\/li>\n<li>G\u00fclery\u00fczl\u00fc kar\u015f\u0131lama<\/li>\n<li>V\u0130P ara\u00e7lar ile otel transfer hizmeti<\/li>\n<li>Konforlu konaklama hizmeti<\/li>\n<li>V\u0130P ara\u00e7lar ile hastane tranferi<\/li>\n<li>Modern teknolojilere ve uzman hekimlere sahip hastanelerde te\u015fhis ve tedavi s\u00fcreci<\/li>\n<li>Tedavi sonras\u0131 destek hizmeti<\/li>\n<\/ul>\n<p>\n\t<\/div>[\/vc_column_inner][\/vc_row_inner][vc_single_image image=&#8221;4140&#8243;][\/vc_column][vc_column width=&#8221;1\/3&#8243; css=&#8221;.vc_custom_1436990412580{margin-top: -60px !important;padding-top: 0px !important;padding-right: 0px !important;padding-bottom: 0px !important;padding-left: 0px !important;}&#8221;][vc_single_image image=&#8221;3916&#8243;][\/vc_column][\/vc_row][vc_row full_width=&#8221;stretch_row&#8221; parallax=&#8221;content-moving&#8221; css=&#8221;.vc_custom_1437782504675{margin-bottom: -40px !important;padding-top: 0px !important;padding-bottom: 0px !important;background-image: url(http:\/\/disgogo.com\/healthcenterdemo\/wp-content\/uploads\/2015\/07\/general_back_dummy_pic.jpg?id=3933) !important;}&#8221;][vc_column width=&#8221;2\/3&#8243;][vc_separator color=&#8221;peacoc&#8221;][vc_video link=&#8221;https:\/\/www.youtube.com\/watch?v=RkLThZPuglI&#8221;][\/vc_column][vc_column width=&#8221;1\/3&#8243;][\/vc_column][\/vc_row][vc_row][vc_column]\n\t<div class=\"gg_list list_style_hospital  \"><\/p>\n<h2>MED\u0130KAL H\u0130ZMETLER<\/h2>\n<ul>\n<li>F\u0130ZYOTERAP\u0130<\/li>\n<li>ESTET\u0130K<\/li>\n<li>GENEL CERRAH\u0130<\/li>\n<li>G\u00d6Z SA\u011eLI\u011eI<\/li>\n<li>J\u0130NEKOLOJ\u0130<\/li>\n<li>\u00dcROLOJ\u0130<\/li>\n<li>ONKOLOJ\u0130<\/li>\n<\/ul>\n<p>\n\t<\/div>[vc_separator color=&#8221;peacoc&#8221;][vc_single_image image=&#8221;4147&#8243;][vc_column_text]<\/p>\n<h2>E\u011e\u0130T\u0130M<\/h2>\n<p>\u015eirketlerde ba\u015far\u0131n\u0131n en \u00f6nemli belirleyicilerinden biri insan kaynaklar\u0131 faaliyetlerinin kullan\u0131lmas\u0131 ve performanslar\u0131n\u0131n iyile\u015ftirilmesidir. Sager for Education, i\u015fletmeler i\u00e7in benzersiz \u00e7\u00f6z\u00fcmler sunar ve kurumsal ihtiya\u00e7lar\u0131 bir proje yakla\u015f\u0131m\u0131yla i\u015fler.<\/p>\n<p>Amac\u0131m\u0131z, \u00f6\u011frencilerin \u00fclkelerinin gelenek ve g\u00f6reneklerini g\u00f6z \u00f6n\u00fcnde bulundurarak, \u015firketlerin ihtiya\u00e7lar\u0131n\u0131 kar\u015f\u0131lamak i\u00e7in gereken en iyi ve olabildi\u011fince k\u0131sa e\u011fitimi vermektir.<\/p>\n<p>Sager for Education, T\u00fcrkiye&#8217;de \u00f6nc\u00fc olan \u00fcniversitelerde e\u011fitim almak i\u00e7in T\u00fcrkiye&#8217;ye gelen yabanc\u0131lar i\u00e7in farkl\u0131 e\u011fitim programlar\u0131 i\u00e7in se\u00e7enekler sunuyor.[\/vc_column_text][vc_separator color=&#8221;peacoc&#8221;]<div class=\"vc_widget vc_widget_working_hours \"><div class=\"widget working-hours\"><h2 class=\"widgettitle\">\u00c7ALI\u015eMA SAATLER\u0130<\/h2><ul><li>Monday - Friday<span>10:00-18:00<\/span><\/li><\/ul><\/div><\/div>[vc_separator color=&#8221;peacoc&#8221;]\n\t<h3 class=\"contact-form-mini-header\">B\u0130Z\u0130MLE \u0130LET\u0130\u015e\u0130ME GE\u00c7\u0130N<\/h3>\r\n\r\n<form class=\"contact-form-mini\"\r\n    data-fv-addons=\"mandatoryIcon\"\r\n    data-fv-addons-mandatoryicon-icon=\"fa fa-asterisk\"\r\n\r\n    data-fv-message=\"This value is not valid\" \r\n    data-fv-feedbackicons-valid=\"fa fa-check\" \r\n    data-fv-feedbackicons-invalid=\"fa fa-times\" \r\n    data-fv-feedbackicons-validating=\"fa fa-refresh\">\r\n\r\n\t<div id=\"cmf-msg\"><\/div><!-- Message display -->\r\n\r\n    <div class=\"form-group\">\r\n        <label class=\"sr-only\" for=\"name\">Name<\/label>\r\n        <input placeholder=\"Name\" data-fv-notempty=\"true\" data-fv-notempty-message=\"The name is required and cannot be empty\" type=\"text\" name=\"name\" id=\"name\" value=\"\" class=\"form-control\" data-fv-addons=\"mandatoryIcon\" data-fv-addons-mandatoryicon-icon=\"glyphicon glyphicon-asterisk\" \/>\r\n    <\/div>    \r\n    <div class=\"form-group\">    \r\n        <label class=\"sr-only\" for=\"email\">Email<\/label>\r\n        <input placeholder=\"Email\" data-fv-notempty=\"true\" data-fv-notempty-message=\"The email is required and cannot be empty\" data-fv-emailaddress=\"true\" data-fv-emailaddress-message=\"The input is not a valid email address\" type=\"text\" name=\"email\" id=\"email\" value=\"\" class=\"form-control\" data-fv-addons=\"mandatoryIcon\" data-fv-addons-mandatoryicon-icon=\"glyphicon glyphicon-asterisk\" \/>\r\n    <\/div>\r\n    <div class=\"form-group\">    \r\n        <label class=\"sr-only\" for=\"message\">Message<\/label>\r\n        <textarea placeholder=\"Message\" data-fv-notempty=\"true\" data-fv-notempty-message=\"The message is required and cannot be empty\" name=\"message\" id=\"message\" rows=\"11\" class=\"form-control\" data-fv-addons=\"mandatoryIcon\" data-fv-addons-mandatoryicon-icon=\"glyphicon glyphicon-asterisk\"><\/textarea>\r\n    <\/div>\r\n        <input name=\"action\" type=\"hidden\" value=\"cmf_action\" \/>\r\n        <input name=\"to_email\" type=\"hidden\" value=\"\" \/>\r\n\r\n      \t<input type=\"hidden\" id=\"_cmf_nonce\" name=\"_cmf_nonce\" value=\"523775211b\" \/><input type=\"hidden\" name=\"_wp_http_referer\" value=\"\/tr\/index.php\/wp-json\/wp\/v2\/pages\/2481\" \/>    <div class=\"form-group\">\r\n     \t<button type=\"submit\" id=\"cmfs\" class=\"btn btn-default pull-right\">Send<\/button>\r\n    <\/div>\r\n    <\/ul>\r\n<\/form>\r\n[\/vc_column][\/vc_row]<\/p>\n","protected":false},"excerpt":{"rendered":"<p>[vc_row css=&#8221;.vc_custom_1437558928746{margin-bottom: 0px !important;border-bottom-width: 1px !important;padding-bottom: 0px !important;border-bottom-color: #eeeeee !important;border-bottom-style: solid !important;}&#8221;][vc_column width=&#8221;2\/3&#8243; css=&#8221;.vc_custom_1436989849047{padding-right: 90px !important;}&#8221;][vc_column_text] HAKKIMIZDA SAGER SA\u011eLIK VE SEYAHAT Sager , Bursa ilinde \/ T\u00fcrkiye&#8217;de var olan bir \u015firkettir. Kurulu\u015funun ba\u015flang\u0131c\u0131nda dan\u0131\u015fma ve e\u011fitimle ilgilendi. Daha sonra \u00fclkeler aras\u0131 sa\u011fl\u0131k ve turizme ilgi duydu. Buna g\u00f6re \u00fc\u00e7 farkl\u0131 alan\u0131 olan bir \u015firkete d\u00f6n\u00fc\u015fm\u00fc\u015ft\u00fcr.<br class=\"read-more-spacer\"> <a class=\"more-link\" href=\"https:\/\/sagerhealthtravel.com\/tr\/\">Read More<\/a><\/p>\n","protected":false},"author":1,"featured_media":0,"parent":0,"menu_order":0,"comment_status":"open","ping_status":"open","template":"","meta":{"footnotes":""},"class_list":["post-2481","page","type-page","status-publish","hentry"],"_links":{"self":[{"href":"https:\/\/sagerhealthtravel.com\/tr\/index.php\/wp-json\/wp\/v2\/pages\/2481","targetHints":{"allow":["GET"]}}],"collection":[{"href":"https:\/\/sagerhealthtravel.com\/tr\/index.php\/wp-json\/wp\/v2\/pages"}],"about":[{"href":"https:\/\/sagerhealthtravel.com\/tr\/index.php\/wp-json\/wp\/v2\/types\/page"}],"author":[{"embeddable":true,"href":"https:\/\/sagerhealthtravel.com\/tr\/index.php\/wp-json\/wp\/v2\/users\/1"}],"replies":[{"embeddable":true,"href":"https:\/\/sagerhealthtravel.com\/tr\/index.php\/wp-json\/wp\/v2\/comments?post=2481"}],"version-history":[{"count":22,"href":"https:\/\/sagerhealthtravel.com\/tr\/index.php\/wp-json\/wp\/v2\/pages\/2481\/revisions"}],"predecessor-version":[{"id":4314,"href":"https:\/\/sagerhealthtravel.com\/tr\/index.php\/wp-json\/wp\/v2\/pages\/2481\/revisions\/4314"}],"wp:attachment":[{"href":"https:\/\/sagerhealthtravel.com\/tr\/index.php\/wp-json\/wp\/v2\/media?parent=2481"}],"curies":[{"name":"wp","href":"https:\/\/api.w.org\/{rel}","templated":true}]}}