{"id":4253,"date":"2021-03-17T15:11:11","date_gmt":"2021-03-17T12:11:11","guid":{"rendered":"http:\/\/yeni.sagerhealthtravel.com\/?page_id=4253"},"modified":"2021-03-19T14:04:07","modified_gmt":"2021-03-19T11:04:07","slug":"contact","status":"publish","type":"page","link":"https:\/\/sagerhealthtravel.com\/ar\/index.php\/contact\/","title":{"rendered":"\u0627\u062a\u0635\u0644 \u0628\u0646\u0627"},"content":{"rendered":"<p>[vc_row][vc_column][vc_gmaps link=&#8221;#E-8_JTNDaWZyYW1lJTIwc3JjJTNEJTIyaHR0cHMlM0ElMkYlMkZ3d3cuZ29vZ2xlLmNvbSUyRm1hcHMlMkZlbWJlZCUzRnBiJTNEJTIxMW0xOCUyMTFtMTIlMjExbTMlMjExZDMwNDYuMzAyODMwMzg0MjY1NyUyMTJkMjguOTkxMzE0MTE1NjQ0NzglMjEzZDQwLjIyNDU2ODU3NTIyNzUxNSUyMTJtMyUyMTFmMCUyMTJmMCUyMTNmMCUyMTNtMiUyMTFpMTAyNCUyMTJpNzY4JTIxNGYxMy4xJTIxM20zJTIxMW0yJTIxMXMweDE0Y2ExNWU4MmYwYWJkN2YlMjUzQTB4YmY2OGMyZmZkMzg0MDQ3NyUyMTJzU2FnZXIlMjUyMFRyYXZlbCUyMTVlMCUyMTNtMiUyMTFzdHIlMjEyc3RyJTIxNHYxNjE1MTk2ODIxMjg2JTIxNW0yJTIxMXN0ciUyMTJzdHIlMjIlMjB3aWR0aCUzRCUyMjEwMCUyNSUyMiUyMGhlaWdodCUzRCUyMjQ1MCUyMiUyMHN0eWxlJTNEJTIyYm9yZGVyJTNBMCUzQiUyMiUyMGFsbG93ZnVsbHNjcmVlbiUzRCUyMiUyMiUyMGxvYWRpbmclM0QlMjJsYXp5JTIyJTNFJTNDJTJGaWZyYW1lJTNF&#8221;][vc_separator color=&#8221;peacoc&#8221;][vc_column_text]<\/p>\n<h2 class=\"entry-header\"><strong>\u0632\u0648\u0631\u0646\u0627<\/strong><\/h2>\n<div class=\"contact-details-row\">\n<h4>BURSA OFFICE<\/h4>\n<address>Yeni Karaman Mh.<br \/>\n4. Kantar Sk.<br \/>\nAsya \u0130\u015f Merkezi<br \/>\nK.5 D.502-503 OSMANGAZ\u0130 \/ BURSA \/ TURKEY<br \/>\nhealth@sagertravel.com<br \/>\n+90 224 236 32 40<br \/>\n+90 224 236 72 59<\/address>\n<\/div>\n<address>&#8212;&#8212;&#8212;&#8212;&#8212;&#8212;&#8212;&#8212;&#8212;&#8212;<\/address>\n<address>ISTANBUL OFFICE<\/address>\n<address>\n<address>Merkez Mh. Se\u00e7kin Sk. No:3-4\/A Dar Yap\u0131<br \/>\nZ Ofis D.158 KA\u011eITHANE \/ \u0130STANBUL \/ TURKEY<br \/>\n+90 212 94 10 14<\/address>\n<\/address>\n<address>&#8212;&#8212;&#8212;&#8212;&#8212;&#8212;&#8212;&#8212;&#8212;&#8212;<\/address>\n<address>\n<h4>TRABZON OFFICE<\/h4>\n<address>Cumhuriyet Mh. Vali Recep Yaz\u0131c\u0131o\u011flu Cd. Hukuk Sk.<br \/>\nNo:45 Kat.2 D.9<br \/>\nYOMRA \/ TRABZON \/ TURKEY<br \/>\n+90 462 341 20 21<\/address>\n<\/address>\n<p>&nbsp;[\/vc_column_text][\/vc_column][\/vc_row]<\/p>\n","protected":false},"excerpt":{"rendered":"<p>[vc_row][vc_column][vc_gmaps link=&#8221;#E-8_JTNDaWZyYW1lJTIwc3JjJTNEJTIyaHR0cHMlM0ElMkYlMkZ3d3cuZ29vZ2xlLmNvbSUyRm1hcHMlMkZlbWJlZCUzRnBiJTNEJTIxMW0xOCUyMTFtMTIlMjExbTMlMjExZDMwNDYuMzAyODMwMzg0MjY1NyUyMTJkMjguOTkxMzE0MTE1NjQ0NzglMjEzZDQwLjIyNDU2ODU3NTIyNzUxNSUyMTJtMyUyMTFmMCUyMTJmMCUyMTNmMCUyMTNtMiUyMTFpMTAyNCUyMTJpNzY4JTIxNGYxMy4xJTIxM20zJTIxMW0yJTIxMXMweDE0Y2ExNWU4MmYwYWJkN2YlMjUzQTB4YmY2OGMyZmZkMzg0MDQ3NyUyMTJzU2FnZXIlMjUyMFRyYXZlbCUyMTVlMCUyMTNtMiUyMTFzdHIlMjEyc3RyJTIxNHYxNjE1MTk2ODIxMjg2JTIxNW0yJTIxMXN0ciUyMTJzdHIlMjIlMjB3aWR0aCUzRCUyMjEwMCUyNSUyMiUyMGhlaWdodCUzRCUyMjQ1MCUyMiUyMHN0eWxlJTNEJTIyYm9yZGVyJTNBMCUzQiUyMiUyMGFsbG93ZnVsbHNjcmVlbiUzRCUyMiUyMiUyMGxvYWRpbmclM0QlMjJsYXp5JTIyJTNFJTNDJTJGaWZyYW1lJTNF&#8221;][vc_separator color=&#8221;peacoc&#8221;][vc_column_text] \u0632\u0648\u0631\u0646\u0627 BURSA OFFICE Yeni Karaman Mh. 4. Kantar Sk. Asya \u0130\u015f Merkezi K.5 D.502-503 OSMANGAZ\u0130 \/ BURSA \/ TURKEY health@sagertravel.com +90 224 236 32 40 +90 224 236 72 59 &#8212;&#8212;&#8212;&#8212;&#8212;&#8212;&#8212;&#8212;&#8212;&#8212; ISTANBUL OFFICE Merkez Mh. Se\u00e7kin Sk. No:3-4\/A Dar Yap\u0131 Z Ofis D.158 KA\u011eITHANE \/ \u0130STANBUL \/ TURKEY +90 212 94 10<br class=\"read-more-spacer\"> <a class=\"more-link\" href=\"https:\/\/sagerhealthtravel.com\/ar\/index.php\/contact\/\">Read More<\/a><\/p>\n","protected":false},"author":1,"featured_media":0,"parent":0,"menu_order":0,"comment_status":"closed","ping_status":"closed","template":"","meta":{"footnotes":""},"class_list":["post-4253","page","type-page","status-publish","hentry"],"_links":{"self":[{"href":"https:\/\/sagerhealthtravel.com\/ar\/index.php\/wp-json\/wp\/v2\/pages\/4253","targetHints":{"allow":["GET"]}}],"collection":[{"href":"https:\/\/sagerhealthtravel.com\/ar\/index.php\/wp-json\/wp\/v2\/pages"}],"about":[{"href":"https:\/\/sagerhealthtravel.com\/ar\/index.php\/wp-json\/wp\/v2\/types\/page"}],"author":[{"embeddable":true,"href":"https:\/\/sagerhealthtravel.com\/ar\/index.php\/wp-json\/wp\/v2\/users\/1"}],"replies":[{"embeddable":true,"href":"https:\/\/sagerhealthtravel.com\/ar\/index.php\/wp-json\/wp\/v2\/comments?post=4253"}],"version-history":[{"count":7,"href":"https:\/\/sagerhealthtravel.com\/ar\/index.php\/wp-json\/wp\/v2\/pages\/4253\/revisions"}],"predecessor-version":[{"id":4313,"href":"https:\/\/sagerhealthtravel.com\/ar\/index.php\/wp-json\/wp\/v2\/pages\/4253\/revisions\/4313"}],"wp:attachment":[{"href":"https:\/\/sagerhealthtravel.com\/ar\/index.php\/wp-json\/wp\/v2\/media?parent=4253"}],"curies":[{"name":"wp","href":"https:\/\/api.w.org\/{rel}","templated":true}]}}